{"id":6894,"date":"2025-12-09T11:16:58","date_gmt":"2025-12-09T11:16:58","guid":{"rendered":"https:\/\/orthodoxblessings.com\/?post_type=product&#038;p=6894"},"modified":"2025-12-09T11:22:16","modified_gmt":"2025-12-09T11:22:16","slug":"jerusalems-myrra-ver-2","status":"publish","type":"product","link":"https:\/\/orthodoxblessings.com\/sv\/shop\/jerusalems-myrra-ver-2\/","title":{"rendered":"Jerusalems myrra ver 2."},"content":{"rendered":"<p>Jerusalems myrra \u00e4r en helig essens som anv\u00e4nds i b\u00f6ner och ortodoxa ritualer, vilket ger v\u00e4lsignelse och helande.<\/p>\n","protected":false},"excerpt":{"rendered":"<p>Jerusalems myrra \u00e4r en helig essens som anv\u00e4nds i b\u00f6ner och ortodoxa ritualer, vilket ger v\u00e4lsignelse och helande.<\/p>\n","protected":false},"featured_media":6897,"template":"","meta":{"give_campaign_id":0},"product_brand":[],"product_cat":[578],"product_tag":[],"class_list":{"0":"post-6894","1":"product","2":"type-product","3":"status-publish","4":"has-post-thumbnail","6":"product_cat-smorjelseolja","8":"first","9":"instock","10":"purchasable","11":"product-type-simple"},"_links":{"self":[{"href":"https:\/\/orthodoxblessings.com\/sv\/wp-json\/wp\/v2\/product\/6894","targetHints":{"allow":["GET"]}}],"collection":[{"href":"https:\/\/orthodoxblessings.com\/sv\/wp-json\/wp\/v2\/product"}],"about":[{"href":"https:\/\/orthodoxblessings.com\/sv\/wp-json\/wp\/v2\/types\/product"}],"wp:featuredmedia":[{"embeddable":true,"href":"https:\/\/orthodoxblessings.com\/sv\/wp-json\/wp\/v2\/media\/6897"}],"wp:attachment":[{"href":"https:\/\/orthodoxblessings.com\/sv\/wp-json\/wp\/v2\/media?parent=6894"}],"wp:term":[{"taxonomy":"product_brand","embeddable":true,"href":"https:\/\/orthodoxblessings.com\/sv\/wp-json\/wp\/v2\/product_brand?post=6894"},{"taxonomy":"product_cat","embeddable":true,"href":"https:\/\/orthodoxblessings.com\/sv\/wp-json\/wp\/v2\/product_cat?post=6894"},{"taxonomy":"product_tag","embeddable":true,"href":"https:\/\/orthodoxblessings.com\/sv\/wp-json\/wp\/v2\/product_tag?post=6894"}],"curies":[{"name":"wp","href":"https:\/\/api.w.org\/{rel}","templated":true}]}}