{"id":6888,"date":"2025-12-09T11:05:30","date_gmt":"2025-12-09T11:05:30","guid":{"rendered":"https:\/\/orthodoxblessings.com\/?post_type=product&#038;p=6888"},"modified":"2025-12-09T11:11:06","modified_gmt":"2025-12-09T11:11:06","slug":"%d0%b0%d1%84%d0%be%d0%bd-%d0%b0%d0%b3%d0%b8%d0%be%d0%bd-%d0%be%d1%80%d0%be%d1%81-myrra","status":"publish","type":"product","link":"https:\/\/orthodoxblessings.com\/sv\/shop\/%d0%b0%d1%84%d0%be%d0%bd-%d0%b0%d0%b3%d0%b8%d0%be%d0%bd-%d0%be%d1%80%d0%be%d1%81-myrra\/","title":{"rendered":"\u0410\u0444\u043e\u043d \u0410\u0433\u0438\u043e\u043d \u041e\u0440\u043e\u0441 myrra"},"content":{"rendered":"<p>Helig myrra direkt fr\u00e5n det heliga landet, k\u00e4nd f\u00f6r sin lugnande doft och heliga egenskaper.<\/p>\n","protected":false},"excerpt":{"rendered":"<p>Helig myrra direkt fr\u00e5n det heliga landet, k\u00e4nd f\u00f6r sin lugnande doft och heliga egenskaper.<\/p>\n","protected":false},"featured_media":6891,"template":"","meta":{"give_campaign_id":0},"product_brand":[],"product_cat":[578],"product_tag":[],"class_list":{"0":"post-6888","1":"product","2":"type-product","3":"status-publish","4":"has-post-thumbnail","6":"product_cat-smorjelseolja","8":"first","9":"instock","10":"purchasable","11":"product-type-simple"},"_links":{"self":[{"href":"https:\/\/orthodoxblessings.com\/sv\/wp-json\/wp\/v2\/product\/6888","targetHints":{"allow":["GET"]}}],"collection":[{"href":"https:\/\/orthodoxblessings.com\/sv\/wp-json\/wp\/v2\/product"}],"about":[{"href":"https:\/\/orthodoxblessings.com\/sv\/wp-json\/wp\/v2\/types\/product"}],"wp:featuredmedia":[{"embeddable":true,"href":"https:\/\/orthodoxblessings.com\/sv\/wp-json\/wp\/v2\/media\/6891"}],"wp:attachment":[{"href":"https:\/\/orthodoxblessings.com\/sv\/wp-json\/wp\/v2\/media?parent=6888"}],"wp:term":[{"taxonomy":"product_brand","embeddable":true,"href":"https:\/\/orthodoxblessings.com\/sv\/wp-json\/wp\/v2\/product_brand?post=6888"},{"taxonomy":"product_cat","embeddable":true,"href":"https:\/\/orthodoxblessings.com\/sv\/wp-json\/wp\/v2\/product_cat?post=6888"},{"taxonomy":"product_tag","embeddable":true,"href":"https:\/\/orthodoxblessings.com\/sv\/wp-json\/wp\/v2\/product_tag?post=6888"}],"curies":[{"name":"wp","href":"https:\/\/api.w.org\/{rel}","templated":true}]}}