{"id":6855,"date":"2025-12-09T10:30:53","date_gmt":"2025-12-09T10:30:53","guid":{"rendered":"https:\/\/orthodoxblessings.com\/?post_type=product&#038;p=6855"},"modified":"2025-12-09T10:52:06","modified_gmt":"2025-12-09T10:52:06","slug":"jerusalems-myrra-a%d0%b3%d0%b8%d0%be-my%d1%80%d0%be","status":"publish","type":"product","link":"https:\/\/orthodoxblessings.com\/sv\/shop\/jerusalems-myrra-a%d0%b3%d0%b8%d0%be-my%d1%80%d0%be\/","title":{"rendered":"Jerusalems myrra A\u0433\u0438\u043e my\u0440\u043e"},"content":{"rendered":"<p>Jerusalems myrra \u00e4r en helig essens som anv\u00e4nds i b\u00f6ner och ortodoxa ritualer, vilket ger v\u00e4lsignelse och helande.<\/p>\n","protected":false},"excerpt":{"rendered":"<p>Jerusalems myrra \u00e4r en helig essens som anv\u00e4nds i b\u00f6ner och ortodoxa ritualer, vilket ger v\u00e4lsignelse och helande.<\/p>\n","protected":false},"featured_media":6876,"template":"","meta":{"give_campaign_id":0},"product_brand":[],"product_cat":[578],"product_tag":[],"class_list":{"0":"post-6855","1":"product","2":"type-product","3":"status-publish","4":"has-post-thumbnail","6":"product_cat-smorjelseolja","8":"first","9":"instock","10":"purchasable","11":"product-type-variable","12":"rtwpvg-product"},"_links":{"self":[{"href":"https:\/\/orthodoxblessings.com\/sv\/wp-json\/wp\/v2\/product\/6855","targetHints":{"allow":["GET"]}}],"collection":[{"href":"https:\/\/orthodoxblessings.com\/sv\/wp-json\/wp\/v2\/product"}],"about":[{"href":"https:\/\/orthodoxblessings.com\/sv\/wp-json\/wp\/v2\/types\/product"}],"wp:featuredmedia":[{"embeddable":true,"href":"https:\/\/orthodoxblessings.com\/sv\/wp-json\/wp\/v2\/media\/6876"}],"wp:attachment":[{"href":"https:\/\/orthodoxblessings.com\/sv\/wp-json\/wp\/v2\/media?parent=6855"}],"wp:term":[{"taxonomy":"product_brand","embeddable":true,"href":"https:\/\/orthodoxblessings.com\/sv\/wp-json\/wp\/v2\/product_brand?post=6855"},{"taxonomy":"product_cat","embeddable":true,"href":"https:\/\/orthodoxblessings.com\/sv\/wp-json\/wp\/v2\/product_cat?post=6855"},{"taxonomy":"product_tag","embeddable":true,"href":"https:\/\/orthodoxblessings.com\/sv\/wp-json\/wp\/v2\/product_tag?post=6855"}],"curies":[{"name":"wp","href":"https:\/\/api.w.org\/{rel}","templated":true}]}}