{"id":6837,"date":"2025-12-08T16:38:52","date_gmt":"2025-12-08T16:38:52","guid":{"rendered":"https:\/\/orthodoxblessings.com\/?post_type=product&#038;p=6837"},"modified":"2025-12-08T16:44:33","modified_gmt":"2025-12-08T16:44:33","slug":"bordslampa-med-blatt-glas","status":"publish","type":"product","link":"https:\/\/orthodoxblessings.com\/sv\/shop\/bordslampa-med-blatt-glas\/","title":{"rendered":"Bordslampa med bl\u00e5tt glas"},"content":{"rendered":"<p>En bordslampa \u00e4r ett traditionellt ortodoxt f\u00f6rem\u00e5l f\u00f6r b\u00f6n. Dess l\u00e5ga symboliserar trons ljus och Guds n\u00e4rvaro i hemmet. Den \u00e4r idealisk f\u00f6r en personlig b\u00f6nh\u00f6rna.<\/p>\n","protected":false},"excerpt":{"rendered":"<p>En bordslampa \u00e4r ett traditionellt ortodoxt f\u00f6rem\u00e5l f\u00f6r b\u00f6n. Dess l\u00e5ga symboliserar trons ljus och Guds n\u00e4rvaro i hemmet. Den \u00e4r idealisk f\u00f6r en personlig b\u00f6nh\u00f6rna.<\/p>\n","protected":false},"featured_media":6841,"template":"","meta":{"give_campaign_id":0},"product_brand":[],"product_cat":[544],"product_tag":[],"class_list":{"0":"post-6837","1":"product","2":"type-product","3":"status-publish","4":"has-post-thumbnail","6":"product_cat-ljusstake","8":"first","9":"instock","10":"sale","11":"purchasable","12":"product-type-simple"},"_links":{"self":[{"href":"https:\/\/orthodoxblessings.com\/sv\/wp-json\/wp\/v2\/product\/6837","targetHints":{"allow":["GET"]}}],"collection":[{"href":"https:\/\/orthodoxblessings.com\/sv\/wp-json\/wp\/v2\/product"}],"about":[{"href":"https:\/\/orthodoxblessings.com\/sv\/wp-json\/wp\/v2\/types\/product"}],"wp:featuredmedia":[{"embeddable":true,"href":"https:\/\/orthodoxblessings.com\/sv\/wp-json\/wp\/v2\/media\/6841"}],"wp:attachment":[{"href":"https:\/\/orthodoxblessings.com\/sv\/wp-json\/wp\/v2\/media?parent=6837"}],"wp:term":[{"taxonomy":"product_brand","embeddable":true,"href":"https:\/\/orthodoxblessings.com\/sv\/wp-json\/wp\/v2\/product_brand?post=6837"},{"taxonomy":"product_cat","embeddable":true,"href":"https:\/\/orthodoxblessings.com\/sv\/wp-json\/wp\/v2\/product_cat?post=6837"},{"taxonomy":"product_tag","embeddable":true,"href":"https:\/\/orthodoxblessings.com\/sv\/wp-json\/wp\/v2\/product_tag?post=6837"}],"curies":[{"name":"wp","href":"https:\/\/api.w.org\/{rel}","templated":true}]}}