{"id":6814,"date":"2025-12-08T15:11:38","date_gmt":"2025-12-08T15:11:38","guid":{"rendered":"https:\/\/orthodoxblessings.com\/?post_type=product&#038;p=6814"},"modified":"2025-12-08T16:13:39","modified_gmt":"2025-12-08T16:13:39","slug":"gyllene-vagglampa-2","status":"publish","type":"product","link":"https:\/\/orthodoxblessings.com\/sv\/shop\/gyllene-vagglampa-2\/","title":{"rendered":"Gyllene v\u00e4gglampa"},"content":{"rendered":"<p>En h\u00f6gkvalitativ v\u00e4gglampa i guld med eleganta dekorationer som framh\u00e4ver dess andliga betydelse. Perfekt f\u00f6r heliga platser och ger ett lugnande ljus i dagliga b\u00f6ner.<\/p>\n","protected":false},"excerpt":{"rendered":"<p>En h\u00f6gkvalitativ v\u00e4gglampa i guld med eleganta dekorationer som framh\u00e4ver dess andliga betydelse. Perfekt f\u00f6r heliga platser och ger ett lugnande ljus i dagliga b\u00f6ner.<\/p>\n","protected":false},"featured_media":6817,"template":"","meta":{"give_campaign_id":0},"product_brand":[],"product_cat":[544],"product_tag":[],"class_list":{"0":"post-6814","1":"product","2":"type-product","3":"status-publish","4":"has-post-thumbnail","6":"product_cat-ljusstake","8":"first","9":"instock","10":"purchasable","11":"product-type-simple"},"_links":{"self":[{"href":"https:\/\/orthodoxblessings.com\/sv\/wp-json\/wp\/v2\/product\/6814","targetHints":{"allow":["GET"]}}],"collection":[{"href":"https:\/\/orthodoxblessings.com\/sv\/wp-json\/wp\/v2\/product"}],"about":[{"href":"https:\/\/orthodoxblessings.com\/sv\/wp-json\/wp\/v2\/types\/product"}],"wp:featuredmedia":[{"embeddable":true,"href":"https:\/\/orthodoxblessings.com\/sv\/wp-json\/wp\/v2\/media\/6817"}],"wp:attachment":[{"href":"https:\/\/orthodoxblessings.com\/sv\/wp-json\/wp\/v2\/media?parent=6814"}],"wp:term":[{"taxonomy":"product_brand","embeddable":true,"href":"https:\/\/orthodoxblessings.com\/sv\/wp-json\/wp\/v2\/product_brand?post=6814"},{"taxonomy":"product_cat","embeddable":true,"href":"https:\/\/orthodoxblessings.com\/sv\/wp-json\/wp\/v2\/product_cat?post=6814"},{"taxonomy":"product_tag","embeddable":true,"href":"https:\/\/orthodoxblessings.com\/sv\/wp-json\/wp\/v2\/product_tag?post=6814"}],"curies":[{"name":"wp","href":"https:\/\/api.w.org\/{rel}","templated":true}]}}