{"id":6796,"date":"2025-12-08T12:03:00","date_gmt":"2025-12-08T12:03:00","guid":{"rendered":"https:\/\/orthodoxblessings.com\/?post_type=product&#038;p=6796"},"modified":"2025-12-08T12:10:33","modified_gmt":"2025-12-08T12:10:33","slug":"metallarmband-med-kors-och-zirkoner-transparent-forpackning","status":"publish","type":"product","link":"https:\/\/orthodoxblessings.com\/sv\/shop\/metallarmband-med-kors-och-zirkoner-transparent-forpackning\/","title":{"rendered":"Metallarmband med kors och zirkoner \u2013 transparent f\u00f6rpackning"},"content":{"rendered":"<p>Eleganta, slitstarka armband som kan b\u00e4ras med vilken stil som helst, med subtila religi\u00f6sa motiv.<\/p>\n","protected":false},"excerpt":{"rendered":"<p>Eleganta, slitstarka armband som kan b\u00e4ras med vilken stil som helst, med subtila religi\u00f6sa motiv.<\/p>\n","protected":false},"featured_media":6799,"template":"","meta":{"give_campaign_id":0},"product_brand":[],"product_cat":[538],"product_tag":[],"class_list":{"0":"post-6796","1":"product","2":"type-product","3":"status-publish","4":"has-post-thumbnail","6":"product_cat-eleganta-radband","8":"first","9":"instock","10":"purchasable","11":"product-type-simple"},"_links":{"self":[{"href":"https:\/\/orthodoxblessings.com\/sv\/wp-json\/wp\/v2\/product\/6796","targetHints":{"allow":["GET"]}}],"collection":[{"href":"https:\/\/orthodoxblessings.com\/sv\/wp-json\/wp\/v2\/product"}],"about":[{"href":"https:\/\/orthodoxblessings.com\/sv\/wp-json\/wp\/v2\/types\/product"}],"wp:featuredmedia":[{"embeddable":true,"href":"https:\/\/orthodoxblessings.com\/sv\/wp-json\/wp\/v2\/media\/6799"}],"wp:attachment":[{"href":"https:\/\/orthodoxblessings.com\/sv\/wp-json\/wp\/v2\/media?parent=6796"}],"wp:term":[{"taxonomy":"product_brand","embeddable":true,"href":"https:\/\/orthodoxblessings.com\/sv\/wp-json\/wp\/v2\/product_brand?post=6796"},{"taxonomy":"product_cat","embeddable":true,"href":"https:\/\/orthodoxblessings.com\/sv\/wp-json\/wp\/v2\/product_cat?post=6796"},{"taxonomy":"product_tag","embeddable":true,"href":"https:\/\/orthodoxblessings.com\/sv\/wp-json\/wp\/v2\/product_tag?post=6796"}],"curies":[{"name":"wp","href":"https:\/\/api.w.org\/{rel}","templated":true}]}}