{"id":6781,"date":"2025-12-08T11:08:58","date_gmt":"2025-12-08T11:08:58","guid":{"rendered":"https:\/\/orthodoxblessings.com\/?post_type=product&#038;p=6781"},"modified":"2025-12-08T11:14:13","modified_gmt":"2025-12-08T11:14:13","slug":"nya-testamentet-psaltaren-ordspraksboken","status":"publish","type":"product","link":"https:\/\/orthodoxblessings.com\/sv\/shop\/nya-testamentet-psaltaren-ordspraksboken\/","title":{"rendered":"Nya testamentet Psaltaren Ordspr\u00e4ksboken"},"content":{"rendered":"<p>En tydlig och omfattande utg\u00e5va av Nya testamentet, idealisk f\u00f6r vardagsl\u00e4sning och att b\u00e4ra.<\/p>\n","protected":false},"excerpt":{"rendered":"<p>En tydlig och omfattande utg\u00e5va av Nya testamentet, idealisk f\u00f6r vardagsl\u00e4sning och att b\u00e4ra.<\/p>\n","protected":false},"featured_media":6790,"template":"","meta":{"give_campaign_id":0},"product_brand":[],"product_cat":[566],"product_tag":[],"class_list":{"0":"post-6781","1":"product","2":"type-product","3":"status-publish","4":"has-post-thumbnail","6":"product_cat-fickupplagor","8":"first","9":"instock","10":"purchasable","11":"product-type-simple"},"_links":{"self":[{"href":"https:\/\/orthodoxblessings.com\/sv\/wp-json\/wp\/v2\/product\/6781","targetHints":{"allow":["GET"]}}],"collection":[{"href":"https:\/\/orthodoxblessings.com\/sv\/wp-json\/wp\/v2\/product"}],"about":[{"href":"https:\/\/orthodoxblessings.com\/sv\/wp-json\/wp\/v2\/types\/product"}],"wp:featuredmedia":[{"embeddable":true,"href":"https:\/\/orthodoxblessings.com\/sv\/wp-json\/wp\/v2\/media\/6790"}],"wp:attachment":[{"href":"https:\/\/orthodoxblessings.com\/sv\/wp-json\/wp\/v2\/media?parent=6781"}],"wp:term":[{"taxonomy":"product_brand","embeddable":true,"href":"https:\/\/orthodoxblessings.com\/sv\/wp-json\/wp\/v2\/product_brand?post=6781"},{"taxonomy":"product_cat","embeddable":true,"href":"https:\/\/orthodoxblessings.com\/sv\/wp-json\/wp\/v2\/product_cat?post=6781"},{"taxonomy":"product_tag","embeddable":true,"href":"https:\/\/orthodoxblessings.com\/sv\/wp-json\/wp\/v2\/product_tag?post=6781"}],"curies":[{"name":"wp","href":"https:\/\/api.w.org\/{rel}","templated":true}]}}