{"id":6750,"date":"2025-12-06T13:02:10","date_gmt":"2025-12-06T13:02:10","guid":{"rendered":"https:\/\/orthodoxblessings.com\/?post_type=product&#038;p=6750"},"modified":"2025-12-06T14:05:12","modified_gmt":"2025-12-06T14:05:12","slug":"johannes-chrysostomos","status":"publish","type":"product","link":"https:\/\/orthodoxblessings.com\/sv\/shop\/johannes-chrysostomos\/","title":{"rendered":"Johannes Chrysostomos"},"content":{"rendered":"<p>Detta \u00e4r en samling av fem predikningar av den helige Johannes Chrysostomos (Johannes Chrysostomos) d\u00e4r han reflekterar \u00f6ver vad m\u00e4nniskan kan veta om Gud och \u00f6ver gr\u00e4nserna f\u00f6r m\u00e4nsklig kunskap, inklusive sj\u00e4lvk\u00e4nnedom.<\/p>\n","protected":false},"excerpt":{"rendered":"<p>Detta \u00e4r en samling av fem predikningar av den helige Johannes Chrysostomos (Johannes Chrysostomos) d\u00e4r han reflekterar \u00f6ver vad m\u00e4nniskan kan veta om Gud och \u00f6ver gr\u00e4nserna f\u00f6r m\u00e4nsklig kunskap, inklusive sj\u00e4lvk\u00e4nnedom.<\/p>\n","protected":false},"featured_media":6753,"template":"","meta":{"give_campaign_id":0},"product_brand":[],"product_cat":[564],"product_tag":[],"class_list":{"0":"post-6750","1":"product","2":"type-product","3":"status-publish","4":"has-post-thumbnail","6":"product_cat-andlig-litteratur-1","8":"first","9":"instock","10":"purchasable","11":"product-type-simple"},"_links":{"self":[{"href":"https:\/\/orthodoxblessings.com\/sv\/wp-json\/wp\/v2\/product\/6750","targetHints":{"allow":["GET"]}}],"collection":[{"href":"https:\/\/orthodoxblessings.com\/sv\/wp-json\/wp\/v2\/product"}],"about":[{"href":"https:\/\/orthodoxblessings.com\/sv\/wp-json\/wp\/v2\/types\/product"}],"wp:featuredmedia":[{"embeddable":true,"href":"https:\/\/orthodoxblessings.com\/sv\/wp-json\/wp\/v2\/media\/6753"}],"wp:attachment":[{"href":"https:\/\/orthodoxblessings.com\/sv\/wp-json\/wp\/v2\/media?parent=6750"}],"wp:term":[{"taxonomy":"product_brand","embeddable":true,"href":"https:\/\/orthodoxblessings.com\/sv\/wp-json\/wp\/v2\/product_brand?post=6750"},{"taxonomy":"product_cat","embeddable":true,"href":"https:\/\/orthodoxblessings.com\/sv\/wp-json\/wp\/v2\/product_cat?post=6750"},{"taxonomy":"product_tag","embeddable":true,"href":"https:\/\/orthodoxblessings.com\/sv\/wp-json\/wp\/v2\/product_tag?post=6750"}],"curies":[{"name":"wp","href":"https:\/\/api.w.org\/{rel}","templated":true}]}}