{"id":6723,"date":"2025-12-05T18:20:07","date_gmt":"2025-12-05T18:20:07","guid":{"rendered":"https:\/\/orthodoxblessings.com\/?post_type=product&#038;p=6723"},"modified":"2025-12-06T15:53:44","modified_gmt":"2025-12-06T15:53:44","slug":"bibeln-for-barn","status":"publish","type":"product","link":"https:\/\/orthodoxblessings.com\/sv\/shop\/bibeln-for-barn\/","title":{"rendered":"Bibeln f\u00f6r barn"},"content":{"rendered":"<p>Detta \u00e4r en f\u00f6rkortad och f\u00f6renklad version av Bibeln f\u00f6r yngre l\u00e4sare, med ber\u00e4ttelser fr\u00e5n Gamla och Nya testamentet ber\u00e4ttade p\u00e5 ett enkelt och begripligt spr\u00e5k. Boken \u00e4r avsedd f\u00f6r barn och f\u00f6r\u00e4ldrar som vill f\u00f6ra barn n\u00e4rmare grundl\u00e4ggande bibliska h\u00e4ndelser och kristna v\u00e4rderingar genom noveller och illustrationer.<\/p>\n","protected":false},"excerpt":{"rendered":"<p>Detta \u00e4r en f\u00f6rkortad och f\u00f6renklad version av Bibeln f\u00f6r yngre l\u00e4sare, med ber\u00e4ttelser fr\u00e5n Gamla och Nya testamentet ber\u00e4ttade p\u00e5 ett enkelt och begripligt spr\u00e5k. Boken \u00e4r avsedd f\u00f6r barn och f\u00f6r\u00e4ldrar som vill f\u00f6ra barn n\u00e4rmare grundl\u00e4ggande bibliska h\u00e4ndelser och kristna v\u00e4rderingar genom noveller och illustrationer.<\/p>\n","protected":false},"featured_media":6774,"template":"","meta":{"give_campaign_id":0},"product_brand":[],"product_cat":[564],"product_tag":[],"class_list":{"0":"post-6723","1":"product","2":"type-product","3":"status-publish","4":"has-post-thumbnail","6":"product_cat-andlig-litteratur-1","8":"first","9":"instock","10":"purchasable","11":"product-type-simple"},"_links":{"self":[{"href":"https:\/\/orthodoxblessings.com\/sv\/wp-json\/wp\/v2\/product\/6723","targetHints":{"allow":["GET"]}}],"collection":[{"href":"https:\/\/orthodoxblessings.com\/sv\/wp-json\/wp\/v2\/product"}],"about":[{"href":"https:\/\/orthodoxblessings.com\/sv\/wp-json\/wp\/v2\/types\/product"}],"wp:featuredmedia":[{"embeddable":true,"href":"https:\/\/orthodoxblessings.com\/sv\/wp-json\/wp\/v2\/media\/6774"}],"wp:attachment":[{"href":"https:\/\/orthodoxblessings.com\/sv\/wp-json\/wp\/v2\/media?parent=6723"}],"wp:term":[{"taxonomy":"product_brand","embeddable":true,"href":"https:\/\/orthodoxblessings.com\/sv\/wp-json\/wp\/v2\/product_brand?post=6723"},{"taxonomy":"product_cat","embeddable":true,"href":"https:\/\/orthodoxblessings.com\/sv\/wp-json\/wp\/v2\/product_cat?post=6723"},{"taxonomy":"product_tag","embeddable":true,"href":"https:\/\/orthodoxblessings.com\/sv\/wp-json\/wp\/v2\/product_tag?post=6723"}],"curies":[{"name":"wp","href":"https:\/\/api.w.org\/{rel}","templated":true}]}}