{"id":6718,"date":"2025-12-05T18:15:42","date_gmt":"2025-12-05T18:15:42","guid":{"rendered":"https:\/\/orthodoxblessings.com\/?post_type=product&#038;p=6718"},"modified":"2025-12-06T15:43:11","modified_gmt":"2025-12-06T15:43:11","slug":"trons-sanning-och-gladje","status":"publish","type":"product","link":"https:\/\/orthodoxblessings.com\/sv\/shop\/trons-sanning-och-gladje\/","title":{"rendered":"Trons sanning och gl\u00e4dje"},"content":{"rendered":"<p>Boken \u00e4r avsedd f\u00f6r alla som vill l\u00e4ra k\u00e4nna den ortodoxa kyrkan b\u00e4ttre som en levande gemenskap, men ocks\u00e5 f\u00f6r dem som \u00e4r intresserade av f\u00f6rh\u00e5llandet mellan religion och det moderna samh\u00e4llet, s\u00e4rskilt i den europeiska kontexten.<\/p>\n","protected":false},"excerpt":{"rendered":"<p>Boken \u00e4r avsedd f\u00f6r alla som vill l\u00e4ra k\u00e4nna den ortodoxa kyrkan b\u00e4ttre som en levande gemenskap, men ocks\u00e5 f\u00f6r dem som \u00e4r intresserade av f\u00f6rh\u00e5llandet mellan religion och det moderna samh\u00e4llet, s\u00e4rskilt i den europeiska kontexten.<\/p>\n","protected":false},"featured_media":6771,"template":"","meta":{"give_campaign_id":0},"product_brand":[],"product_cat":[564],"product_tag":[],"class_list":{"0":"post-6718","1":"product","2":"type-product","3":"status-publish","4":"has-post-thumbnail","6":"product_cat-andlig-litteratur-1","8":"first","9":"instock","10":"purchasable","11":"product-type-simple"},"_links":{"self":[{"href":"https:\/\/orthodoxblessings.com\/sv\/wp-json\/wp\/v2\/product\/6718","targetHints":{"allow":["GET"]}}],"collection":[{"href":"https:\/\/orthodoxblessings.com\/sv\/wp-json\/wp\/v2\/product"}],"about":[{"href":"https:\/\/orthodoxblessings.com\/sv\/wp-json\/wp\/v2\/types\/product"}],"wp:featuredmedia":[{"embeddable":true,"href":"https:\/\/orthodoxblessings.com\/sv\/wp-json\/wp\/v2\/media\/6771"}],"wp:attachment":[{"href":"https:\/\/orthodoxblessings.com\/sv\/wp-json\/wp\/v2\/media?parent=6718"}],"wp:term":[{"taxonomy":"product_brand","embeddable":true,"href":"https:\/\/orthodoxblessings.com\/sv\/wp-json\/wp\/v2\/product_brand?post=6718"},{"taxonomy":"product_cat","embeddable":true,"href":"https:\/\/orthodoxblessings.com\/sv\/wp-json\/wp\/v2\/product_cat?post=6718"},{"taxonomy":"product_tag","embeddable":true,"href":"https:\/\/orthodoxblessings.com\/sv\/wp-json\/wp\/v2\/product_tag?post=6718"}],"curies":[{"name":"wp","href":"https:\/\/api.w.org\/{rel}","templated":true}]}}