{"id":6706,"date":"2025-12-05T18:02:20","date_gmt":"2025-12-05T18:02:20","guid":{"rendered":"https:\/\/orthodoxblessings.com\/?post_type=product&#038;p=6706"},"modified":"2025-12-06T14:13:00","modified_gmt":"2025-12-06T14:13:00","slug":"den-helige-ande","status":"publish","type":"product","link":"https:\/\/orthodoxblessings.com\/sv\/shop\/den-helige-ande\/","title":{"rendered":"Den helige ande"},"content":{"rendered":"<p>Denna bok \u00e4r en kort men djupg\u00e5ende ortodox introduktion till den Helige Andes personliga erfarenhet i en kristens liv, skriven i metropolit Kallistos Wares enkla och l\u00e4ttillg\u00e4ngliga stil. F\u00f6rfattaren f\u00f6rklarar vem den Helige Ande \u00e4r, hur han verkar i kyrkan och i de troendes hj\u00e4rtan, och hur b\u00f6n, sakrament och dagligt botg\u00f6ringsliv \u00f6ppnar en person f\u00f6r Guds f\u00f6rvandlande n\u00e5d.<\/p>\n","protected":false},"excerpt":{"rendered":"<p>Denna bok \u00e4r en kort men djupg\u00e5ende ortodox introduktion till den Helige Andes personliga erfarenhet i en kristens liv, skriven i metropolit Kallistos Wares enkla och l\u00e4ttillg\u00e4ngliga stil. F\u00f6rfattaren f\u00f6rklarar vem den Helige Ande \u00e4r, hur han verkar i kyrkan och i de troendes hj\u00e4rtan, och hur b\u00f6n, sakrament och dagligt botg\u00f6ringsliv \u00f6ppnar en person [&hellip;]<\/p>\n","protected":false},"featured_media":6756,"template":"","meta":{"give_campaign_id":0},"product_brand":[],"product_cat":[564],"product_tag":[],"class_list":{"0":"post-6706","1":"product","2":"type-product","3":"status-publish","4":"has-post-thumbnail","6":"product_cat-andlig-litteratur-1","8":"first","9":"instock","10":"purchasable","11":"product-type-simple"},"_links":{"self":[{"href":"https:\/\/orthodoxblessings.com\/sv\/wp-json\/wp\/v2\/product\/6706","targetHints":{"allow":["GET"]}}],"collection":[{"href":"https:\/\/orthodoxblessings.com\/sv\/wp-json\/wp\/v2\/product"}],"about":[{"href":"https:\/\/orthodoxblessings.com\/sv\/wp-json\/wp\/v2\/types\/product"}],"wp:featuredmedia":[{"embeddable":true,"href":"https:\/\/orthodoxblessings.com\/sv\/wp-json\/wp\/v2\/media\/6756"}],"wp:attachment":[{"href":"https:\/\/orthodoxblessings.com\/sv\/wp-json\/wp\/v2\/media?parent=6706"}],"wp:term":[{"taxonomy":"product_brand","embeddable":true,"href":"https:\/\/orthodoxblessings.com\/sv\/wp-json\/wp\/v2\/product_brand?post=6706"},{"taxonomy":"product_cat","embeddable":true,"href":"https:\/\/orthodoxblessings.com\/sv\/wp-json\/wp\/v2\/product_cat?post=6706"},{"taxonomy":"product_tag","embeddable":true,"href":"https:\/\/orthodoxblessings.com\/sv\/wp-json\/wp\/v2\/product_tag?post=6706"}],"curies":[{"name":"wp","href":"https:\/\/api.w.org\/{rel}","templated":true}]}}