{"id":6705,"date":"2025-12-05T17:58:48","date_gmt":"2025-12-05T17:58:48","guid":{"rendered":"https:\/\/orthodoxblessings.com\/?post_type=product&#038;p=6705"},"modified":"2025-12-06T12:56:03","modified_gmt":"2025-12-06T12:56:03","slug":"det-andliga-alfabetet","status":"publish","type":"product","link":"https:\/\/orthodoxblessings.com\/sv\/shop\/det-andliga-alfabetet\/","title":{"rendered":"Det andliga alfabetet"},"content":{"rendered":"<p>Boken \u00e4r t\u00e4nkt som ett &#8221;andligt alfabet&#8221;: korta kapitel arrangerade likt ett alfabet som behandlar grundl\u00e4ggande \u00e4mnen i det andliga livet, fr\u00e5n tro, omv\u00e4ndelse och b\u00f6n till \u00f6dmjukhet, t\u00e5lamod och kamp med passioner.<\/p>\n<p>Varje kapitel ger koncisa r\u00e5d, ofta i form av en kort tanke eller ett avsnitt fr\u00e5n ett brev, f\u00f6r att v\u00e4gleda l\u00e4saren till omv\u00e4ndelse och st\u00e4ndigt minne av Gud.<\/p>\n","protected":false},"excerpt":{"rendered":"<p>Boken \u00e4r t\u00e4nkt som ett &#8221;andligt alfabet&#8221;: korta kapitel arrangerade likt ett alfabet som behandlar grundl\u00e4ggande \u00e4mnen i det andliga livet, fr\u00e5n tro, omv\u00e4ndelse och b\u00f6n till \u00f6dmjukhet, t\u00e5lamod och kamp med passioner. Varje kapitel ger koncisa r\u00e5d, ofta i form av en kort tanke eller ett avsnitt fr\u00e5n ett brev, f\u00f6r att v\u00e4gleda l\u00e4saren [&hellip;]<\/p>\n","protected":false},"featured_media":6747,"template":"","meta":{"give_campaign_id":0},"product_brand":[],"product_cat":[564],"product_tag":[],"class_list":{"0":"post-6705","1":"product","2":"type-product","3":"status-publish","4":"has-post-thumbnail","6":"product_cat-andlig-litteratur-1","8":"first","9":"instock","10":"purchasable","11":"product-type-simple"},"_links":{"self":[{"href":"https:\/\/orthodoxblessings.com\/sv\/wp-json\/wp\/v2\/product\/6705","targetHints":{"allow":["GET"]}}],"collection":[{"href":"https:\/\/orthodoxblessings.com\/sv\/wp-json\/wp\/v2\/product"}],"about":[{"href":"https:\/\/orthodoxblessings.com\/sv\/wp-json\/wp\/v2\/types\/product"}],"wp:featuredmedia":[{"embeddable":true,"href":"https:\/\/orthodoxblessings.com\/sv\/wp-json\/wp\/v2\/media\/6747"}],"wp:attachment":[{"href":"https:\/\/orthodoxblessings.com\/sv\/wp-json\/wp\/v2\/media?parent=6705"}],"wp:term":[{"taxonomy":"product_brand","embeddable":true,"href":"https:\/\/orthodoxblessings.com\/sv\/wp-json\/wp\/v2\/product_brand?post=6705"},{"taxonomy":"product_cat","embeddable":true,"href":"https:\/\/orthodoxblessings.com\/sv\/wp-json\/wp\/v2\/product_cat?post=6705"},{"taxonomy":"product_tag","embeddable":true,"href":"https:\/\/orthodoxblessings.com\/sv\/wp-json\/wp\/v2\/product_tag?post=6705"}],"curies":[{"name":"wp","href":"https:\/\/api.w.org\/{rel}","templated":true}]}}