{"id":6702,"date":"2025-12-05T17:52:24","date_gmt":"2025-12-05T17:52:24","guid":{"rendered":"https:\/\/orthodoxblessings.com\/?post_type=product&#038;p=6702"},"modified":"2025-12-06T11:41:21","modified_gmt":"2025-12-06T11:41:21","slug":"ortodox-katekes-den-ortodoxa-kyrkans-larogrund","status":"publish","type":"product","link":"https:\/\/orthodoxblessings.com\/sv\/shop\/ortodox-katekes-den-ortodoxa-kyrkans-larogrund\/","title":{"rendered":"Ortodox Katekes: Den Ortodoxa Kyrkans l\u00e5rogrund"},"content":{"rendered":"<p>Boken \u00e4r avsedd f\u00f6r troende som vill f\u00f6rdjupa sin f\u00f6rst\u00e5else av den ortodoxa tron, s\u00e5v\u00e4l som f\u00f6r dem som just har b\u00f6rjat l\u00e4ra k\u00e4nna ortodoxin och s\u00f6ker en omfattande men \u00e4nd\u00e5 l\u00e4ttillg\u00e4nglig introduktion. Den kan ocks\u00e5 fungera som en komplett l\u00e4robok f\u00f6r pr\u00e4ster och kateketer som ger katekes till barn, ungdomar eller vuxna inom ramen f\u00f6r f\u00f6rsamlingslivet.<\/p>\n","protected":false},"excerpt":{"rendered":"<p>Boken \u00e4r avsedd f\u00f6r troende som vill f\u00f6rdjupa sin f\u00f6rst\u00e5else av den ortodoxa tron, s\u00e5v\u00e4l som f\u00f6r dem som just har b\u00f6rjat l\u00e4ra k\u00e4nna ortodoxin och s\u00f6ker en omfattande men \u00e4nd\u00e5 l\u00e4ttillg\u00e4nglig introduktion. Den kan ocks\u00e5 fungera som en komplett l\u00e4robok f\u00f6r pr\u00e4ster och kateketer som ger katekes till barn, ungdomar eller vuxna inom ramen [&hellip;]<\/p>\n","protected":false},"featured_media":6744,"template":"","meta":{"give_campaign_id":0},"product_brand":[],"product_cat":[564],"product_tag":[],"class_list":{"0":"post-6702","1":"product","2":"type-product","3":"status-publish","4":"has-post-thumbnail","6":"product_cat-andlig-litteratur-1","8":"first","9":"instock","10":"purchasable","11":"product-type-simple"},"_links":{"self":[{"href":"https:\/\/orthodoxblessings.com\/sv\/wp-json\/wp\/v2\/product\/6702","targetHints":{"allow":["GET"]}}],"collection":[{"href":"https:\/\/orthodoxblessings.com\/sv\/wp-json\/wp\/v2\/product"}],"about":[{"href":"https:\/\/orthodoxblessings.com\/sv\/wp-json\/wp\/v2\/types\/product"}],"wp:featuredmedia":[{"embeddable":true,"href":"https:\/\/orthodoxblessings.com\/sv\/wp-json\/wp\/v2\/media\/6744"}],"wp:attachment":[{"href":"https:\/\/orthodoxblessings.com\/sv\/wp-json\/wp\/v2\/media?parent=6702"}],"wp:term":[{"taxonomy":"product_brand","embeddable":true,"href":"https:\/\/orthodoxblessings.com\/sv\/wp-json\/wp\/v2\/product_brand?post=6702"},{"taxonomy":"product_cat","embeddable":true,"href":"https:\/\/orthodoxblessings.com\/sv\/wp-json\/wp\/v2\/product_cat?post=6702"},{"taxonomy":"product_tag","embeddable":true,"href":"https:\/\/orthodoxblessings.com\/sv\/wp-json\/wp\/v2\/product_tag?post=6702"}],"curies":[{"name":"wp","href":"https:\/\/api.w.org\/{rel}","templated":true}]}}