{"id":6696,"date":"2025-12-05T17:04:50","date_gmt":"2025-12-05T17:04:50","guid":{"rendered":"https:\/\/orthodoxblessings.com\/?post_type=product&#038;p=6696"},"modified":"2025-12-06T11:00:53","modified_gmt":"2025-12-06T11:00:53","slug":"lar-kanna-den-ortodoxa-kyrkans-liturgi","status":"publish","type":"product","link":"https:\/\/orthodoxblessings.com\/sv\/shop\/lar-kanna-den-ortodoxa-kyrkans-liturgi\/","title":{"rendered":"L\u00e4r k\u00e4nna den ortodoxa kyrkans liturgi"},"content":{"rendered":"<p>Boken f\u00f6rklarar p\u00e5 ett enkelt, l\u00e4ttillg\u00e4ngligt och praktiskt s\u00e4tt:<\/p>\n<p>Liturgins betydelse och struktur \u2013 vad varje gudstj\u00e4nst betyder och varf\u00f6r den f\u00f6rr\u00e4ttas p\u00e5 det s\u00e4ttet.<\/p>\n<p>Templets symbolik, kl\u00e4der, r\u00f6relser och b\u00f6ner \u2013 s\u00e5 att den troende vet vad som h\u00e4nder och vad som ligger bakom det.<\/p>\n<p>Den heliga liturgins fl\u00f6de &#8221;steg f\u00f6r steg&#8221;, s\u00e5 att l\u00e4saren l\u00e4ttare kan f\u00f6lja gudstj\u00e4nsten i templet.<\/p>\n<p>Grundl\u00e4ggande kyrkliga begrepp, riter och h\u00f6gtider, f\u00f6rklarade p\u00e5 ett begripligt s\u00e4tt, utan teologiskt &#8221;sv\u00e5rt&#8221; spr\u00e5k.<\/p>\n<p>Lekm\u00e4nnens roll i det liturgiska livet, d.v.s. hur de troende aktivt och medvetet deltar i gudstj\u00e4nsten.<\/p>\n","protected":false},"excerpt":{"rendered":"<p>Boken f\u00f6rklarar p\u00e5 ett enkelt, l\u00e4ttillg\u00e4ngligt och praktiskt s\u00e4tt: Liturgins betydelse och struktur \u2013 vad varje gudstj\u00e4nst betyder och varf\u00f6r den f\u00f6rr\u00e4ttas p\u00e5 det s\u00e4ttet. Templets symbolik, kl\u00e4der, r\u00f6relser och b\u00f6ner \u2013 s\u00e5 att den troende vet vad som h\u00e4nder och vad som ligger bakom det. Den heliga liturgins fl\u00f6de &#8221;steg f\u00f6r steg&#8221;, s\u00e5 att [&hellip;]<\/p>\n","protected":false},"featured_media":6738,"template":"","meta":{"give_campaign_id":0},"product_brand":[],"product_cat":[564],"product_tag":[],"class_list":{"0":"post-6696","1":"product","2":"type-product","3":"status-publish","4":"has-post-thumbnail","6":"product_cat-andlig-litteratur-1","8":"first","9":"instock","10":"purchasable","11":"product-type-simple"},"_links":{"self":[{"href":"https:\/\/orthodoxblessings.com\/sv\/wp-json\/wp\/v2\/product\/6696","targetHints":{"allow":["GET"]}}],"collection":[{"href":"https:\/\/orthodoxblessings.com\/sv\/wp-json\/wp\/v2\/product"}],"about":[{"href":"https:\/\/orthodoxblessings.com\/sv\/wp-json\/wp\/v2\/types\/product"}],"wp:featuredmedia":[{"embeddable":true,"href":"https:\/\/orthodoxblessings.com\/sv\/wp-json\/wp\/v2\/media\/6738"}],"wp:attachment":[{"href":"https:\/\/orthodoxblessings.com\/sv\/wp-json\/wp\/v2\/media?parent=6696"}],"wp:term":[{"taxonomy":"product_brand","embeddable":true,"href":"https:\/\/orthodoxblessings.com\/sv\/wp-json\/wp\/v2\/product_brand?post=6696"},{"taxonomy":"product_cat","embeddable":true,"href":"https:\/\/orthodoxblessings.com\/sv\/wp-json\/wp\/v2\/product_cat?post=6696"},{"taxonomy":"product_tag","embeddable":true,"href":"https:\/\/orthodoxblessings.com\/sv\/wp-json\/wp\/v2\/product_tag?post=6696"}],"curies":[{"name":"wp","href":"https:\/\/api.w.org\/{rel}","templated":true}]}}