{"id":6693,"date":"2025-12-05T16:46:41","date_gmt":"2025-12-05T16:46:41","guid":{"rendered":"https:\/\/orthodoxblessings.com\/?post_type=product&#038;p=6693"},"modified":"2025-12-06T10:15:03","modified_gmt":"2025-12-06T10:15:03","slug":"herren-jesus-kristus-guds-heliga-moder-set","status":"publish","type":"product","link":"https:\/\/orthodoxblessings.com\/sv\/shop\/herren-jesus-kristus-guds-heliga-moder-set\/","title":{"rendered":"Herren Jesus Kristus + Guds heliga moder set"},"content":{"rendered":"<p>Boken \u00e4r till\u00e4gnad Herren Jesus Kristus och \u00e4r avsedd att markera dopets h\u00e4rlighet. Den inneh\u00e5ller b\u00f6ner, texter om vikten av h\u00e4rlighet och kristna seder, samt ikonografiska representationer. Det \u00e4r en andlig manual som hj\u00e4lper familjen att bevara ortodoxin och dess traditioner.<\/p>\n","protected":false},"excerpt":{"rendered":"<p>Boken \u00e4r till\u00e4gnad Herren Jesus Kristus och \u00e4r avsedd att markera dopets h\u00e4rlighet. Den inneh\u00e5ller b\u00f6ner, texter om vikten av h\u00e4rlighet och kristna seder, samt ikonografiska representationer. Det \u00e4r en andlig manual som hj\u00e4lper familjen att bevara ortodoxin och dess traditioner.<\/p>\n","protected":false},"featured_media":6726,"template":"","meta":{"give_campaign_id":0},"product_brand":[],"product_cat":[564],"product_tag":[],"class_list":{"0":"post-6693","1":"product","2":"type-product","3":"status-publish","4":"has-post-thumbnail","6":"product_cat-andlig-litteratur-1","8":"first","9":"instock","10":"purchasable","11":"product-type-simple"},"_links":{"self":[{"href":"https:\/\/orthodoxblessings.com\/sv\/wp-json\/wp\/v2\/product\/6693","targetHints":{"allow":["GET"]}}],"collection":[{"href":"https:\/\/orthodoxblessings.com\/sv\/wp-json\/wp\/v2\/product"}],"about":[{"href":"https:\/\/orthodoxblessings.com\/sv\/wp-json\/wp\/v2\/types\/product"}],"wp:featuredmedia":[{"embeddable":true,"href":"https:\/\/orthodoxblessings.com\/sv\/wp-json\/wp\/v2\/media\/6726"}],"wp:attachment":[{"href":"https:\/\/orthodoxblessings.com\/sv\/wp-json\/wp\/v2\/media?parent=6693"}],"wp:term":[{"taxonomy":"product_brand","embeddable":true,"href":"https:\/\/orthodoxblessings.com\/sv\/wp-json\/wp\/v2\/product_brand?post=6693"},{"taxonomy":"product_cat","embeddable":true,"href":"https:\/\/orthodoxblessings.com\/sv\/wp-json\/wp\/v2\/product_cat?post=6693"},{"taxonomy":"product_tag","embeddable":true,"href":"https:\/\/orthodoxblessings.com\/sv\/wp-json\/wp\/v2\/product_tag?post=6693"}],"curies":[{"name":"wp","href":"https:\/\/api.w.org\/{rel}","templated":true}]}}