{"id":6623,"date":"2025-06-16T08:18:38","date_gmt":"2025-06-16T08:18:38","guid":{"rendered":"https:\/\/orthodoxblessings.com\/shop\/litet-keramiskt-rokelsekar-med-forgyllning\/"},"modified":"2025-06-16T08:18:38","modified_gmt":"2025-06-16T08:18:38","slug":"litet-keramiskt-rokelsekar-med-forgyllning","status":"publish","type":"product","link":"https:\/\/orthodoxblessings.com\/sv\/shop\/litet-keramiskt-rokelsekar-med-forgyllning\/","title":{"rendered":"Litet keramiskt r\u00f6kelsekar med f\u00f6rgyllning"},"content":{"rendered":"<p>Ett keramiskt r\u00f6kelsekar, handgjort och m\u00e5lat med ortodoxa religi\u00f6sa motiv, representerar ett vackert och andligt f\u00f6rem\u00e5l. Varje r\u00f6kelsekar \u00e4r noggrant formad och m\u00e5lad av en m\u00e4sterhantverkare, med traditionella tekniker och h\u00f6gkvalitativa material. Detta r\u00f6kelsekar \u00e4r idealiskt f\u00f6r tillbedjan och f\u00f6r att pryda ett heligt utrymme, vilket ger en atmosf\u00e4r av frid och andlighet.  <\/p>\n","protected":false},"excerpt":{"rendered":"<p>Ett keramiskt r\u00f6kelsekar, handgjort och m\u00e5lat med ortodoxa religi\u00f6sa motiv, representerar ett vackert och andligt f\u00f6rem\u00e5l. Varje r\u00f6kelsekar \u00e4r noggrant formad och m\u00e5lad av en m\u00e4sterhantverkare, med traditionella tekniker och h\u00f6gkvalitativa material. Detta r\u00f6kelsekar \u00e4r idealiskt f\u00f6r tillbedjan och f\u00f6r att pryda ett heligt utrymme, vilket ger en atmosf\u00e4r av frid och andlighet.<\/p>\n","protected":false},"featured_media":3231,"template":"","meta":{"give_campaign_id":0},"product_brand":[],"product_cat":[542],"product_tag":[],"class_list":{"0":"post-6623","1":"product","2":"type-product","3":"status-publish","4":"has-post-thumbnail","6":"product_cat-handgjorda-rokelsekar","8":"first","9":"instock","10":"shipping-taxable","11":"purchasable","12":"product-type-variable","13":"rtwpvg-product"},"_links":{"self":[{"href":"https:\/\/orthodoxblessings.com\/sv\/wp-json\/wp\/v2\/product\/6623","targetHints":{"allow":["GET"]}}],"collection":[{"href":"https:\/\/orthodoxblessings.com\/sv\/wp-json\/wp\/v2\/product"}],"about":[{"href":"https:\/\/orthodoxblessings.com\/sv\/wp-json\/wp\/v2\/types\/product"}],"wp:featuredmedia":[{"embeddable":true,"href":"https:\/\/orthodoxblessings.com\/sv\/wp-json\/wp\/v2\/media\/3231"}],"wp:attachment":[{"href":"https:\/\/orthodoxblessings.com\/sv\/wp-json\/wp\/v2\/media?parent=6623"}],"wp:term":[{"taxonomy":"product_brand","embeddable":true,"href":"https:\/\/orthodoxblessings.com\/sv\/wp-json\/wp\/v2\/product_brand?post=6623"},{"taxonomy":"product_cat","embeddable":true,"href":"https:\/\/orthodoxblessings.com\/sv\/wp-json\/wp\/v2\/product_cat?post=6623"},{"taxonomy":"product_tag","embeddable":true,"href":"https:\/\/orthodoxblessings.com\/sv\/wp-json\/wp\/v2\/product_tag?post=6623"}],"curies":[{"name":"wp","href":"https:\/\/api.w.org\/{rel}","templated":true}]}}