{"id":6575,"date":"2025-05-23T06:53:41","date_gmt":"2025-05-23T06:53:41","guid":{"rendered":"https:\/\/orthodoxblessings.com\/shop\/vit-keramiskt-rokelsekar-med-stampel-2\/"},"modified":"2025-05-23T06:53:41","modified_gmt":"2025-05-23T06:53:41","slug":"vit-keramiskt-rokelsekar-med-stampel-2","status":"publish","type":"product","link":"https:\/\/orthodoxblessings.com\/sv\/shop\/vit-keramiskt-rokelsekar-med-stampel-2\/","title":{"rendered":"Vit keramiskt r\u00f6kelsekar med st\u00e4mpel"},"content":{"rendered":"<p>Denna r\u00f6kelseh\u00e5llare \u00e4r tillverkad av keramik av h\u00f6gsta kvalitet, formad med precision f\u00f6r ett perfekt utseende. Ytan \u00e4r glaserad, vilket ger den en oemotst\u00e5ndlig glans och estetisk attraktion. Insidan \u00e4r belagd med v\u00e4rmet\u00e5lig glasyr, vilket m\u00f6jligg\u00f6r l\u00e5ngvarig och s\u00e4ker anv\u00e4ndning.  <\/p>\n","protected":false},"excerpt":{"rendered":"<p>Denna r\u00f6kelseh\u00e5llare \u00e4r tillverkad av keramik av h\u00f6gsta kvalitet, formad med precision f\u00f6r ett perfekt utseende. Ytan \u00e4r glaserad, vilket ger den en oemotst\u00e5ndlig glans och estetisk attraktion. Insidan \u00e4r belagd med v\u00e4rmet\u00e5lig glasyr, vilket m\u00f6jligg\u00f6r l\u00e5ngvarig och s\u00e4ker anv\u00e4ndning.<\/p>\n","protected":false},"featured_media":3222,"template":"","meta":{"give_campaign_id":0},"product_brand":[],"product_cat":[542],"product_tag":[],"class_list":{"0":"post-6575","1":"product","2":"type-product","3":"status-publish","4":"has-post-thumbnail","6":"product_cat-handgjorda-rokelsekar","8":"first","9":"instock","10":"shipping-taxable","11":"purchasable","12":"product-type-simple"},"_links":{"self":[{"href":"https:\/\/orthodoxblessings.com\/sv\/wp-json\/wp\/v2\/product\/6575","targetHints":{"allow":["GET"]}}],"collection":[{"href":"https:\/\/orthodoxblessings.com\/sv\/wp-json\/wp\/v2\/product"}],"about":[{"href":"https:\/\/orthodoxblessings.com\/sv\/wp-json\/wp\/v2\/types\/product"}],"wp:featuredmedia":[{"embeddable":true,"href":"https:\/\/orthodoxblessings.com\/sv\/wp-json\/wp\/v2\/media\/3222"}],"wp:attachment":[{"href":"https:\/\/orthodoxblessings.com\/sv\/wp-json\/wp\/v2\/media?parent=6575"}],"wp:term":[{"taxonomy":"product_brand","embeddable":true,"href":"https:\/\/orthodoxblessings.com\/sv\/wp-json\/wp\/v2\/product_brand?post=6575"},{"taxonomy":"product_cat","embeddable":true,"href":"https:\/\/orthodoxblessings.com\/sv\/wp-json\/wp\/v2\/product_cat?post=6575"},{"taxonomy":"product_tag","embeddable":true,"href":"https:\/\/orthodoxblessings.com\/sv\/wp-json\/wp\/v2\/product_tag?post=6575"}],"curies":[{"name":"wp","href":"https:\/\/api.w.org\/{rel}","templated":true}]}}