{"id":6488,"date":"2025-05-24T07:30:44","date_gmt":"2025-05-24T07:30:44","guid":{"rendered":"https:\/\/orthodoxblessings.com\/shop\/vagg-trakors-beige-farg\/"},"modified":"2025-05-24T07:30:44","modified_gmt":"2025-05-24T07:30:44","slug":"vagg-trakors-beige-farg","status":"publish","type":"product","link":"https:\/\/orthodoxblessings.com\/sv\/shop\/vagg-trakors-beige-farg\/","title":{"rendered":"V\u00e4gg tr\u00e4kors &#8211; Beige f\u00e4rg"},"content":{"rendered":"","protected":false},"excerpt":{"rendered":"","protected":false},"featured_media":3360,"template":"","meta":{"give_campaign_id":0},"product_brand":[],"product_cat":[518],"product_tag":[],"class_list":{"0":"post-6488","1":"product","2":"type-product","3":"status-publish","4":"has-post-thumbnail","6":"product_cat-vaggkors","8":"first","9":"instock","10":"shipping-taxable","11":"purchasable","12":"product-type-variable","13":"rtwpvg-product"},"_links":{"self":[{"href":"https:\/\/orthodoxblessings.com\/sv\/wp-json\/wp\/v2\/product\/6488","targetHints":{"allow":["GET"]}}],"collection":[{"href":"https:\/\/orthodoxblessings.com\/sv\/wp-json\/wp\/v2\/product"}],"about":[{"href":"https:\/\/orthodoxblessings.com\/sv\/wp-json\/wp\/v2\/types\/product"}],"wp:featuredmedia":[{"embeddable":true,"href":"https:\/\/orthodoxblessings.com\/sv\/wp-json\/wp\/v2\/media\/3360"}],"wp:attachment":[{"href":"https:\/\/orthodoxblessings.com\/sv\/wp-json\/wp\/v2\/media?parent=6488"}],"wp:term":[{"taxonomy":"product_brand","embeddable":true,"href":"https:\/\/orthodoxblessings.com\/sv\/wp-json\/wp\/v2\/product_brand?post=6488"},{"taxonomy":"product_cat","embeddable":true,"href":"https:\/\/orthodoxblessings.com\/sv\/wp-json\/wp\/v2\/product_cat?post=6488"},{"taxonomy":"product_tag","embeddable":true,"href":"https:\/\/orthodoxblessings.com\/sv\/wp-json\/wp\/v2\/product_tag?post=6488"}],"curies":[{"name":"wp","href":"https:\/\/api.w.org\/{rel}","templated":true}]}}