{"id":6411,"date":"2025-05-24T14:25:13","date_gmt":"2025-05-24T14:25:13","guid":{"rendered":"https:\/\/orthodoxblessings.com\/shop\/firande-kit-ljusstake-lampa-rokelsekar-rokelselada\/"},"modified":"2025-05-24T14:25:13","modified_gmt":"2025-05-24T14:25:13","slug":"firande-kit-ljusstake-lampa-rokelsekar-rokelselada","status":"publish","type":"product","link":"https:\/\/orthodoxblessings.com\/sv\/shop\/firande-kit-ljusstake-lampa-rokelsekar-rokelselada\/","title":{"rendered":"Firande kit &#8211; Ljusstake, lampa, r\u00f6kelsekar, r\u00f6kelsel\u00e5da"},"content":{"rendered":"","protected":false},"excerpt":{"rendered":"","protected":false},"featured_media":3486,"template":"","meta":{"give_campaign_id":0},"product_brand":[],"product_cat":[557],"product_tag":[],"class_list":{"0":"post-6411","1":"product","2":"type-product","3":"status-publish","4":"has-post-thumbnail","6":"product_cat-firande-set-1","8":"first","9":"instock","10":"shipping-taxable","11":"purchasable","12":"product-type-variable","13":"rtwpvg-product"},"_links":{"self":[{"href":"https:\/\/orthodoxblessings.com\/sv\/wp-json\/wp\/v2\/product\/6411","targetHints":{"allow":["GET"]}}],"collection":[{"href":"https:\/\/orthodoxblessings.com\/sv\/wp-json\/wp\/v2\/product"}],"about":[{"href":"https:\/\/orthodoxblessings.com\/sv\/wp-json\/wp\/v2\/types\/product"}],"wp:featuredmedia":[{"embeddable":true,"href":"https:\/\/orthodoxblessings.com\/sv\/wp-json\/wp\/v2\/media\/3486"}],"wp:attachment":[{"href":"https:\/\/orthodoxblessings.com\/sv\/wp-json\/wp\/v2\/media?parent=6411"}],"wp:term":[{"taxonomy":"product_brand","embeddable":true,"href":"https:\/\/orthodoxblessings.com\/sv\/wp-json\/wp\/v2\/product_brand?post=6411"},{"taxonomy":"product_cat","embeddable":true,"href":"https:\/\/orthodoxblessings.com\/sv\/wp-json\/wp\/v2\/product_cat?post=6411"},{"taxonomy":"product_tag","embeddable":true,"href":"https:\/\/orthodoxblessings.com\/sv\/wp-json\/wp\/v2\/product_tag?post=6411"}],"curies":[{"name":"wp","href":"https:\/\/api.w.org\/{rel}","templated":true}]}}