{"id":6397,"date":"2025-05-24T14:51:31","date_gmt":"2025-05-24T14:51:31","guid":{"rendered":"https:\/\/orthodoxblessings.com\/shop\/pandora-armband\/"},"modified":"2025-05-24T14:51:31","modified_gmt":"2025-05-24T14:51:31","slug":"pandora-armband","status":"publish","type":"product","link":"https:\/\/orthodoxblessings.com\/sv\/shop\/pandora-armband\/","title":{"rendered":"Pandora armband"},"content":{"rendered":"<p>Ett modernt armband med m\u00f6jlighet att l\u00e4gga till olika h\u00e4ngen med andliga symboler.<\/p>\n","protected":false},"excerpt":{"rendered":"<p>Ett modernt armband med m\u00f6jlighet att l\u00e4gga till olika h\u00e4ngen med andliga symboler.<\/p>\n","protected":false},"featured_media":3498,"template":"","meta":{"give_campaign_id":0},"product_brand":[],"product_cat":[538],"product_tag":[],"class_list":{"0":"post-6397","1":"product","2":"type-product","3":"status-publish","4":"has-post-thumbnail","6":"product_cat-eleganta-radband","8":"first","9":"instock","10":"shipping-taxable","11":"purchasable","12":"product-type-variable","13":"rtwpvg-product"},"_links":{"self":[{"href":"https:\/\/orthodoxblessings.com\/sv\/wp-json\/wp\/v2\/product\/6397","targetHints":{"allow":["GET"]}}],"collection":[{"href":"https:\/\/orthodoxblessings.com\/sv\/wp-json\/wp\/v2\/product"}],"about":[{"href":"https:\/\/orthodoxblessings.com\/sv\/wp-json\/wp\/v2\/types\/product"}],"wp:featuredmedia":[{"embeddable":true,"href":"https:\/\/orthodoxblessings.com\/sv\/wp-json\/wp\/v2\/media\/3498"}],"wp:attachment":[{"href":"https:\/\/orthodoxblessings.com\/sv\/wp-json\/wp\/v2\/media?parent=6397"}],"wp:term":[{"taxonomy":"product_brand","embeddable":true,"href":"https:\/\/orthodoxblessings.com\/sv\/wp-json\/wp\/v2\/product_brand?post=6397"},{"taxonomy":"product_cat","embeddable":true,"href":"https:\/\/orthodoxblessings.com\/sv\/wp-json\/wp\/v2\/product_cat?post=6397"},{"taxonomy":"product_tag","embeddable":true,"href":"https:\/\/orthodoxblessings.com\/sv\/wp-json\/wp\/v2\/product_tag?post=6397"}],"curies":[{"name":"wp","href":"https:\/\/api.w.org\/{rel}","templated":true}]}}