{"id":6390,"date":"2025-05-24T15:06:50","date_gmt":"2025-05-24T15:06:50","guid":{"rendered":"https:\/\/orthodoxblessings.com\/shop\/metallarmband-i-en-pase\/"},"modified":"2025-05-24T15:06:50","modified_gmt":"2025-05-24T15:06:50","slug":"metallarmband-i-en-pase","status":"publish","type":"product","link":"https:\/\/orthodoxblessings.com\/sv\/shop\/metallarmband-i-en-pase\/","title":{"rendered":"Metallarmband i en p\u00e5se"},"content":{"rendered":"<p>Eleganta, slitstarka armband som kan b\u00e4ras med vilken stil som helst, med subtila religi\u00f6sa motiv.<\/p>\n","protected":false},"excerpt":{"rendered":"<p>Eleganta, slitstarka armband som kan b\u00e4ras med vilken stil som helst, med subtila religi\u00f6sa motiv.<\/p>\n","protected":false},"featured_media":3512,"template":"","meta":{"give_campaign_id":0},"product_brand":[],"product_cat":[538],"product_tag":[],"class_list":{"0":"post-6390","1":"product","2":"type-product","3":"status-publish","4":"has-post-thumbnail","6":"product_cat-eleganta-radband","8":"first","9":"instock","10":"shipping-taxable","11":"purchasable","12":"product-type-variable","13":"rtwpvg-product"},"_links":{"self":[{"href":"https:\/\/orthodoxblessings.com\/sv\/wp-json\/wp\/v2\/product\/6390","targetHints":{"allow":["GET"]}}],"collection":[{"href":"https:\/\/orthodoxblessings.com\/sv\/wp-json\/wp\/v2\/product"}],"about":[{"href":"https:\/\/orthodoxblessings.com\/sv\/wp-json\/wp\/v2\/types\/product"}],"wp:featuredmedia":[{"embeddable":true,"href":"https:\/\/orthodoxblessings.com\/sv\/wp-json\/wp\/v2\/media\/3512"}],"wp:attachment":[{"href":"https:\/\/orthodoxblessings.com\/sv\/wp-json\/wp\/v2\/media?parent=6390"}],"wp:term":[{"taxonomy":"product_brand","embeddable":true,"href":"https:\/\/orthodoxblessings.com\/sv\/wp-json\/wp\/v2\/product_brand?post=6390"},{"taxonomy":"product_cat","embeddable":true,"href":"https:\/\/orthodoxblessings.com\/sv\/wp-json\/wp\/v2\/product_cat?post=6390"},{"taxonomy":"product_tag","embeddable":true,"href":"https:\/\/orthodoxblessings.com\/sv\/wp-json\/wp\/v2\/product_tag?post=6390"}],"curies":[{"name":"wp","href":"https:\/\/api.w.org\/{rel}","templated":true}]}}