{"id":6382,"date":"2025-05-24T15:23:00","date_gmt":"2025-05-24T15:23:00","guid":{"rendered":"https:\/\/orthodoxblessings.com\/shop\/box-for-briketter-och-rokelse\/"},"modified":"2025-09-07T12:53:02","modified_gmt":"2025-09-07T12:53:02","slug":"box-for-briketter-och-rokelse","status":"publish","type":"product","link":"https:\/\/orthodoxblessings.com\/sv\/shop\/box-for-briketter-och-rokelse\/","title":{"rendered":"Box f\u00f6r briketter och r\u00f6kelse"},"content":{"rendered":"<p>En robust och elegant l\u00e5da f\u00f6r briketter, designad f\u00f6r enkel f\u00f6rvaring och anv\u00e4ndning. Perfekt f\u00f6r hemmet och kyrkans b\u00f6neutrymmen.<\/p>\n","protected":false},"excerpt":{"rendered":"<p>En robust och elegant l\u00e5da f\u00f6r briketter, designad f\u00f6r enkel f\u00f6rvaring och anv\u00e4ndning. Perfekt f\u00f6r hemmet och kyrkans b\u00f6neutrymmen.<\/p>\n","protected":false},"featured_media":3554,"template":"","meta":{"give_campaign_id":0},"product_brand":[],"product_cat":[536],"product_tag":[],"class_list":{"0":"post-6382","1":"product","2":"type-product","3":"status-publish","4":"has-post-thumbnail","6":"product_cat-rokelseaskar-och-briketter","8":"first","9":"instock","10":"shipping-taxable","11":"purchasable","12":"product-type-variable","13":"rtwpvg-product"},"_links":{"self":[{"href":"https:\/\/orthodoxblessings.com\/sv\/wp-json\/wp\/v2\/product\/6382","targetHints":{"allow":["GET"]}}],"collection":[{"href":"https:\/\/orthodoxblessings.com\/sv\/wp-json\/wp\/v2\/product"}],"about":[{"href":"https:\/\/orthodoxblessings.com\/sv\/wp-json\/wp\/v2\/types\/product"}],"wp:featuredmedia":[{"embeddable":true,"href":"https:\/\/orthodoxblessings.com\/sv\/wp-json\/wp\/v2\/media\/3554"}],"wp:attachment":[{"href":"https:\/\/orthodoxblessings.com\/sv\/wp-json\/wp\/v2\/media?parent=6382"}],"wp:term":[{"taxonomy":"product_brand","embeddable":true,"href":"https:\/\/orthodoxblessings.com\/sv\/wp-json\/wp\/v2\/product_brand?post=6382"},{"taxonomy":"product_cat","embeddable":true,"href":"https:\/\/orthodoxblessings.com\/sv\/wp-json\/wp\/v2\/product_cat?post=6382"},{"taxonomy":"product_tag","embeddable":true,"href":"https:\/\/orthodoxblessings.com\/sv\/wp-json\/wp\/v2\/product_tag?post=6382"}],"curies":[{"name":"wp","href":"https:\/\/api.w.org\/{rel}","templated":true}]}}