{"id":6376,"date":"2025-05-24T15:29:48","date_gmt":"2025-05-24T15:29:48","guid":{"rendered":"https:\/\/orthodoxblessings.com\/shop\/var-faders-ring-dubbel\/"},"modified":"2025-09-07T12:52:50","modified_gmt":"2025-09-07T12:52:50","slug":"var-faders-ring-dubbel","status":"publish","type":"product","link":"https:\/\/orthodoxblessings.com\/sv\/shop\/var-faders-ring-dubbel\/","title":{"rendered":"V\u00e5r Faders ring, dubbel"},"content":{"rendered":"<p>En vacker dubbelring med en graverad b\u00f6n &#8221;Fader v\u00e5r&#8221; och symbolen f\u00f6r korset. En symbol f\u00f6r tro och skydd, l\u00e4mplig f\u00f6r vardagsbruk som en p\u00e5minnelse om b\u00f6nens kraft.<\/p>\n","protected":false},"excerpt":{"rendered":"<p>En vacker dubbelring med en graverad b\u00f6n &#8221;Fader v\u00e5r&#8221; och symbolen f\u00f6r korset. En symbol f\u00f6r tro och skydd, l\u00e4mplig f\u00f6r vardagsbruk som en p\u00e5minnelse om b\u00f6nens kraft.<\/p>\n","protected":false},"featured_media":3566,"template":"","meta":{"give_campaign_id":0},"product_brand":[],"product_cat":[537],"product_tag":[],"class_list":{"0":"post-6376","1":"product","2":"type-product","3":"status-publish","4":"has-post-thumbnail","6":"product_cat-ringar","8":"first","9":"instock","10":"shipping-taxable","11":"purchasable","12":"product-type-variable","13":"rtwpvg-product"},"_links":{"self":[{"href":"https:\/\/orthodoxblessings.com\/sv\/wp-json\/wp\/v2\/product\/6376","targetHints":{"allow":["GET"]}}],"collection":[{"href":"https:\/\/orthodoxblessings.com\/sv\/wp-json\/wp\/v2\/product"}],"about":[{"href":"https:\/\/orthodoxblessings.com\/sv\/wp-json\/wp\/v2\/types\/product"}],"wp:featuredmedia":[{"embeddable":true,"href":"https:\/\/orthodoxblessings.com\/sv\/wp-json\/wp\/v2\/media\/3566"}],"wp:attachment":[{"href":"https:\/\/orthodoxblessings.com\/sv\/wp-json\/wp\/v2\/media?parent=6376"}],"wp:term":[{"taxonomy":"product_brand","embeddable":true,"href":"https:\/\/orthodoxblessings.com\/sv\/wp-json\/wp\/v2\/product_brand?post=6376"},{"taxonomy":"product_cat","embeddable":true,"href":"https:\/\/orthodoxblessings.com\/sv\/wp-json\/wp\/v2\/product_cat?post=6376"},{"taxonomy":"product_tag","embeddable":true,"href":"https:\/\/orthodoxblessings.com\/sv\/wp-json\/wp\/v2\/product_tag?post=6376"}],"curies":[{"name":"wp","href":"https:\/\/api.w.org\/{rel}","templated":true}]}}