{"id":6365,"date":"2025-05-25T08:28:14","date_gmt":"2025-05-25T08:28:14","guid":{"rendered":"https:\/\/orthodoxblessings.com\/shop\/mellanstor-keramisk-rokelsekar-med-brutet-stenmonster\/"},"modified":"2025-05-25T08:28:14","modified_gmt":"2025-05-25T08:28:14","slug":"mellanstor-keramisk-rokelsekar-med-brutet-stenmonster","status":"publish","type":"product","link":"https:\/\/orthodoxblessings.com\/sv\/shop\/mellanstor-keramisk-rokelsekar-med-brutet-stenmonster\/","title":{"rendered":"Mellanstor keramisk r\u00f6kelsekar med brutet stenm\u00f6nster"},"content":{"rendered":"<p>Det mellanstora keramiska r\u00f6kelsekaret med ett brutet stenm\u00f6nster har ett unikt och naturligt utseende som tillf\u00f6r elegans till alla utrymmen. Den \u00e4r gjord av h\u00f6gkvalitativ keramik och dess yta \u00e4r dekorerad med ett m\u00f6nster som liknar en trasig sten, vilket ger den ett unikt och strukturerat utseende. <\/p>\n","protected":false},"excerpt":{"rendered":"<p>Det mellanstora keramiska r\u00f6kelsekaret med ett brutet stenm\u00f6nster har ett unikt och naturligt utseende som tillf\u00f6r elegans till alla utrymmen. Den \u00e4r gjord av h\u00f6gkvalitativ keramik och dess yta \u00e4r dekorerad med ett m\u00f6nster som liknar en trasig sten, vilket ger den ett unikt och strukturerat utseende.<\/p>\n","protected":false},"featured_media":0,"template":"","meta":{"give_campaign_id":0},"product_brand":[],"product_cat":[542],"product_tag":[],"class_list":{"0":"post-6365","1":"product","2":"type-product","3":"status-publish","5":"product_cat-handgjorda-rokelsekar","7":"first","8":"outofstock","9":"purchasable","10":"product-type-simple"},"_links":{"self":[{"href":"https:\/\/orthodoxblessings.com\/sv\/wp-json\/wp\/v2\/product\/6365","targetHints":{"allow":["GET"]}}],"collection":[{"href":"https:\/\/orthodoxblessings.com\/sv\/wp-json\/wp\/v2\/product"}],"about":[{"href":"https:\/\/orthodoxblessings.com\/sv\/wp-json\/wp\/v2\/types\/product"}],"wp:attachment":[{"href":"https:\/\/orthodoxblessings.com\/sv\/wp-json\/wp\/v2\/media?parent=6365"}],"wp:term":[{"taxonomy":"product_brand","embeddable":true,"href":"https:\/\/orthodoxblessings.com\/sv\/wp-json\/wp\/v2\/product_brand?post=6365"},{"taxonomy":"product_cat","embeddable":true,"href":"https:\/\/orthodoxblessings.com\/sv\/wp-json\/wp\/v2\/product_cat?post=6365"},{"taxonomy":"product_tag","embeddable":true,"href":"https:\/\/orthodoxblessings.com\/sv\/wp-json\/wp\/v2\/product_tag?post=6365"}],"curies":[{"name":"wp","href":"https:\/\/api.w.org\/{rel}","templated":true}]}}