{"id":6364,"date":"2025-05-25T08:28:14","date_gmt":"2025-05-25T08:28:14","guid":{"rendered":"https:\/\/orthodoxblessings.com\/shop\/stor-keramisk-rokelsekar-med-ett-beige-brunt-kors\/"},"modified":"2025-05-25T08:28:14","modified_gmt":"2025-05-25T08:28:14","slug":"stor-keramisk-rokelsekar-med-ett-beige-brunt-kors","status":"publish","type":"product","link":"https:\/\/orthodoxblessings.com\/sv\/shop\/stor-keramisk-rokelsekar-med-ett-beige-brunt-kors\/","title":{"rendered":"Stor keramisk r\u00f6kelsekar med ett beige\/brunt kors"},"content":{"rendered":"<p>Ett r\u00f6kelsekar \u00e4r ett k\u00e4rl som anv\u00e4nds i religi\u00f6sa ceremonier f\u00f6r att br\u00e4nna doftande hartser och \u00f6rter, vilket skapar r\u00f6k som bidrar till b\u00f6nens atmosf\u00e4r. Det glaserade keramiska r\u00f6kelsekaret \u00e4r tillverkat av keramik och skyddas av ett glasskydd som ger den en sl\u00e4t och gl\u00e4nsande yta. Dessa r\u00f6kelsekar kan vara i olika f\u00e4rger och dekorerade med religi\u00f6sa motiv  <\/p>\n","protected":false},"excerpt":{"rendered":"<p>Ett r\u00f6kelsekar \u00e4r ett k\u00e4rl som anv\u00e4nds i religi\u00f6sa ceremonier f\u00f6r att br\u00e4nna doftande hartser och \u00f6rter, vilket skapar r\u00f6k som bidrar till b\u00f6nens atmosf\u00e4r. Det glaserade keramiska r\u00f6kelsekaret \u00e4r tillverkat av keramik och skyddas av ett glasskydd som ger den en sl\u00e4t och gl\u00e4nsande yta. Dessa r\u00f6kelsekar kan vara i olika f\u00e4rger och dekorerade [&hellip;]<\/p>\n","protected":false},"featured_media":0,"template":"","meta":{"give_campaign_id":0},"product_brand":[],"product_cat":[542],"product_tag":[],"class_list":{"0":"post-6364","1":"product","2":"type-product","3":"status-publish","5":"product_cat-handgjorda-rokelsekar","7":"first","8":"outofstock","9":"purchasable","10":"product-type-simple"},"_links":{"self":[{"href":"https:\/\/orthodoxblessings.com\/sv\/wp-json\/wp\/v2\/product\/6364","targetHints":{"allow":["GET"]}}],"collection":[{"href":"https:\/\/orthodoxblessings.com\/sv\/wp-json\/wp\/v2\/product"}],"about":[{"href":"https:\/\/orthodoxblessings.com\/sv\/wp-json\/wp\/v2\/types\/product"}],"wp:attachment":[{"href":"https:\/\/orthodoxblessings.com\/sv\/wp-json\/wp\/v2\/media?parent=6364"}],"wp:term":[{"taxonomy":"product_brand","embeddable":true,"href":"https:\/\/orthodoxblessings.com\/sv\/wp-json\/wp\/v2\/product_brand?post=6364"},{"taxonomy":"product_cat","embeddable":true,"href":"https:\/\/orthodoxblessings.com\/sv\/wp-json\/wp\/v2\/product_cat?post=6364"},{"taxonomy":"product_tag","embeddable":true,"href":"https:\/\/orthodoxblessings.com\/sv\/wp-json\/wp\/v2\/product_tag?post=6364"}],"curies":[{"name":"wp","href":"https:\/\/api.w.org\/{rel}","templated":true}]}}