{"id":6363,"date":"2025-05-25T08:28:14","date_gmt":"2025-05-25T08:28:14","guid":{"rendered":"https:\/\/orthodoxblessings.com\/shop\/stor-keramisk-rokelsekar-med-morkbrunt-kors\/"},"modified":"2025-12-11T12:38:00","modified_gmt":"2025-12-11T12:38:00","slug":"brunt-keramiskt-rokelsekar","status":"publish","type":"product","link":"https:\/\/orthodoxblessings.com\/sv\/shop\/brunt-keramiskt-rokelsekar\/","title":{"rendered":"Brunt keramiskt r\u00f6kelsekar"},"content":{"rendered":"<p>Brunt keramiskt r\u00f6kelsekar, m\u00f6rkbrunt, \u00e4r tillverkat av h\u00f6gkvalitativ keramik och glaserad med en skyddande glasbel\u00e4ggning som s\u00e4kerst\u00e4ller en sl\u00e4t och gl\u00e4nsande yta. Dess korsdesign g\u00f6r den till ett djupt andligt objekt. Den m\u00f6rkbruna f\u00e4rgen l\u00e4gger till elegans och ett traditionellt utseende, vilket g\u00f6r denna r\u00f6kelsekar till ett perfekt val f\u00f6r dekoration och anv\u00e4ndning i alla religi\u00f6sa utrymmen.<\/p>\n","protected":false},"excerpt":{"rendered":"<p>Brunt keramiskt r\u00f6kelsekar, m\u00f6rkbrunt, \u00e4r tillverkat av h\u00f6gkvalitativ keramik och glaserad med en skyddande glasbel\u00e4ggning som s\u00e4kerst\u00e4ller en sl\u00e4t och gl\u00e4nsande yta. Dess korsdesign g\u00f6r den till ett djupt andligt objekt. Den m\u00f6rkbruna f\u00e4rgen l\u00e4gger till elegans och ett traditionellt utseende, vilket g\u00f6r denna r\u00f6kelsekar till ett perfekt val f\u00f6r dekoration och anv\u00e4ndning i alla [&hellip;]<\/p>\n","protected":false},"featured_media":7253,"template":"","meta":{"give_campaign_id":0},"product_brand":[],"product_cat":[542],"product_tag":[],"class_list":{"0":"post-6363","1":"product","2":"type-product","3":"status-publish","4":"has-post-thumbnail","6":"product_cat-handgjorda-rokelsekar","8":"first","9":"instock","10":"purchasable","11":"product-type-simple"},"_links":{"self":[{"href":"https:\/\/orthodoxblessings.com\/sv\/wp-json\/wp\/v2\/product\/6363","targetHints":{"allow":["GET"]}}],"collection":[{"href":"https:\/\/orthodoxblessings.com\/sv\/wp-json\/wp\/v2\/product"}],"about":[{"href":"https:\/\/orthodoxblessings.com\/sv\/wp-json\/wp\/v2\/types\/product"}],"wp:featuredmedia":[{"embeddable":true,"href":"https:\/\/orthodoxblessings.com\/sv\/wp-json\/wp\/v2\/media\/7253"}],"wp:attachment":[{"href":"https:\/\/orthodoxblessings.com\/sv\/wp-json\/wp\/v2\/media?parent=6363"}],"wp:term":[{"taxonomy":"product_brand","embeddable":true,"href":"https:\/\/orthodoxblessings.com\/sv\/wp-json\/wp\/v2\/product_brand?post=6363"},{"taxonomy":"product_cat","embeddable":true,"href":"https:\/\/orthodoxblessings.com\/sv\/wp-json\/wp\/v2\/product_cat?post=6363"},{"taxonomy":"product_tag","embeddable":true,"href":"https:\/\/orthodoxblessings.com\/sv\/wp-json\/wp\/v2\/product_tag?post=6363"}],"curies":[{"name":"wp","href":"https:\/\/api.w.org\/{rel}","templated":true}]}}