{"id":6362,"date":"2025-05-25T08:28:14","date_gmt":"2025-05-25T08:28:14","guid":{"rendered":"https:\/\/orthodoxblessings.com\/shop\/rokelsekeramik-glaserad-med-blatt-monster\/"},"modified":"2025-05-25T08:28:14","modified_gmt":"2025-05-25T08:28:14","slug":"rokelsekeramik-glaserad-med-blatt-monster","status":"publish","type":"product","link":"https:\/\/orthodoxblessings.com\/sv\/shop\/rokelsekeramik-glaserad-med-blatt-monster\/","title":{"rendered":"R\u00f6kelsekeramik &#8211; glaserad med bl\u00e5tt m\u00f6nster"},"content":{"rendered":"<p>Ett r\u00f6kelsekar \u00e4r ett k\u00e4rl som anv\u00e4nds i religi\u00f6sa ceremonier f\u00f6r att br\u00e4nna aromatiska hartser och \u00f6rter, vilket skapar r\u00f6k och doft som bidrar till b\u00f6nens atmosf\u00e4r. En keramiskt glaserad r\u00f6kelsekar \u00e4r en av de typer som anv\u00e4nds, tillverkad av keramik och skyddad av ett glasskydd som ger den en sl\u00e4t och gl\u00e4nsande yta. <\/p>\n","protected":false},"excerpt":{"rendered":"<p>Ett r\u00f6kelsekar \u00e4r ett k\u00e4rl som anv\u00e4nds i religi\u00f6sa ceremonier f\u00f6r att br\u00e4nna aromatiska hartser och \u00f6rter, vilket skapar r\u00f6k och doft som bidrar till b\u00f6nens atmosf\u00e4r. En keramiskt glaserad r\u00f6kelsekar \u00e4r en av de typer som anv\u00e4nds, tillverkad av keramik och skyddad av ett glasskydd som ger den en sl\u00e4t och gl\u00e4nsande yta.<\/p>\n","protected":false},"featured_media":3610,"template":"","meta":{"give_campaign_id":0},"product_brand":[],"product_cat":[542],"product_tag":[],"class_list":{"0":"post-6362","1":"product","2":"type-product","3":"status-publish","4":"has-post-thumbnail","6":"product_cat-handgjorda-rokelsekar","8":"first","9":"instock","10":"purchasable","11":"product-type-simple"},"_links":{"self":[{"href":"https:\/\/orthodoxblessings.com\/sv\/wp-json\/wp\/v2\/product\/6362","targetHints":{"allow":["GET"]}}],"collection":[{"href":"https:\/\/orthodoxblessings.com\/sv\/wp-json\/wp\/v2\/product"}],"about":[{"href":"https:\/\/orthodoxblessings.com\/sv\/wp-json\/wp\/v2\/types\/product"}],"wp:featuredmedia":[{"embeddable":true,"href":"https:\/\/orthodoxblessings.com\/sv\/wp-json\/wp\/v2\/media\/3610"}],"wp:attachment":[{"href":"https:\/\/orthodoxblessings.com\/sv\/wp-json\/wp\/v2\/media?parent=6362"}],"wp:term":[{"taxonomy":"product_brand","embeddable":true,"href":"https:\/\/orthodoxblessings.com\/sv\/wp-json\/wp\/v2\/product_brand?post=6362"},{"taxonomy":"product_cat","embeddable":true,"href":"https:\/\/orthodoxblessings.com\/sv\/wp-json\/wp\/v2\/product_cat?post=6362"},{"taxonomy":"product_tag","embeddable":true,"href":"https:\/\/orthodoxblessings.com\/sv\/wp-json\/wp\/v2\/product_tag?post=6362"}],"curies":[{"name":"wp","href":"https:\/\/api.w.org\/{rel}","templated":true}]}}