{"id":6360,"date":"2025-05-25T08:28:14","date_gmt":"2025-05-25T08:28:14","guid":{"rendered":"https:\/\/orthodoxblessings.com\/shop\/medium-keramisk-rokelsekar-mus-gra-farg\/"},"modified":"2025-05-25T08:28:14","modified_gmt":"2025-05-25T08:28:14","slug":"medium-keramisk-rokelsekar-mus-gra-farg","status":"publish","type":"product","link":"https:\/\/orthodoxblessings.com\/sv\/shop\/medium-keramisk-rokelsekar-mus-gra-farg\/","title":{"rendered":"Medium keramisk r\u00f6kelsekar mus gr\u00e5 f\u00e4rg"},"content":{"rendered":"<p>Det medium keramiska r\u00f6kelsekaret, ljusgr\u00e5 till f\u00e4rgen, \u00e4r tillverkat av h\u00f6gkvalitativ keramik och glaserat med en skyddande glasbel\u00e4ggning, vilket ger den en sl\u00e4t och gl\u00e4nsande yta. Dess eleganta och enkla design i gr\u00e5 f\u00e4rg g\u00f6r den l\u00e4mplig f\u00f6r alla religi\u00f6sa utrymmen. <\/p>\n","protected":false},"excerpt":{"rendered":"<p>Det medium keramiska r\u00f6kelsekaret, ljusgr\u00e5 till f\u00e4rgen, \u00e4r tillverkat av h\u00f6gkvalitativ keramik och glaserat med en skyddande glasbel\u00e4ggning, vilket ger den en sl\u00e4t och gl\u00e4nsande yta. Dess eleganta och enkla design i gr\u00e5 f\u00e4rg g\u00f6r den l\u00e4mplig f\u00f6r alla religi\u00f6sa utrymmen.<\/p>\n","protected":false},"featured_media":0,"template":"","meta":{"give_campaign_id":0},"product_brand":[],"product_cat":[542],"product_tag":[],"class_list":{"0":"post-6360","1":"product","2":"type-product","3":"status-publish","5":"product_cat-handgjorda-rokelsekar","7":"first","8":"outofstock","9":"purchasable","10":"product-type-simple"},"_links":{"self":[{"href":"https:\/\/orthodoxblessings.com\/sv\/wp-json\/wp\/v2\/product\/6360","targetHints":{"allow":["GET"]}}],"collection":[{"href":"https:\/\/orthodoxblessings.com\/sv\/wp-json\/wp\/v2\/product"}],"about":[{"href":"https:\/\/orthodoxblessings.com\/sv\/wp-json\/wp\/v2\/types\/product"}],"wp:attachment":[{"href":"https:\/\/orthodoxblessings.com\/sv\/wp-json\/wp\/v2\/media?parent=6360"}],"wp:term":[{"taxonomy":"product_brand","embeddable":true,"href":"https:\/\/orthodoxblessings.com\/sv\/wp-json\/wp\/v2\/product_brand?post=6360"},{"taxonomy":"product_cat","embeddable":true,"href":"https:\/\/orthodoxblessings.com\/sv\/wp-json\/wp\/v2\/product_cat?post=6360"},{"taxonomy":"product_tag","embeddable":true,"href":"https:\/\/orthodoxblessings.com\/sv\/wp-json\/wp\/v2\/product_tag?post=6360"}],"curies":[{"name":"wp","href":"https:\/\/api.w.org\/{rel}","templated":true}]}}