{"id":6359,"date":"2025-05-25T08:28:14","date_gmt":"2025-05-25T08:28:14","guid":{"rendered":"https:\/\/orthodoxblessings.com\/shop\/stor-keramisk-rokelsekar-med-gron-forgyllning\/"},"modified":"2025-05-25T08:28:14","modified_gmt":"2025-05-25T08:28:14","slug":"stor-keramisk-rokelsekar-med-gron-forgyllning","status":"publish","type":"product","link":"https:\/\/orthodoxblessings.com\/sv\/shop\/stor-keramisk-rokelsekar-med-gron-forgyllning\/","title":{"rendered":"Stor keramisk r\u00f6kelsekar med gr\u00f6n f\u00f6rgyllning"},"content":{"rendered":"<p>Det stora keramiska r\u00f6kelsekaret med f\u00f6rgyllning och gr\u00f6n f\u00e4rg \u00e4r ett lyxigt och andligt f\u00f6rem\u00e5l som tillf\u00f6r elegans till alla utrymmen. Tillverkad av kvalitetskeramik och dekorerad med f\u00f6rgyllning, kombinerar detta r\u00f6kelsekar traditionell design med moderna element. Dess gr\u00f6na f\u00e4rg, i kombination med f\u00f6rgyllning, skapar ett visuellt tilltalande utseende som v\u00e4cker uppm\u00e4rksamhet och skapar en atmosf\u00e4r av fred och b\u00f6n i religi\u00f6sa ceremonier.  <\/p>\n","protected":false},"excerpt":{"rendered":"<p>Det stora keramiska r\u00f6kelsekaret med f\u00f6rgyllning och gr\u00f6n f\u00e4rg \u00e4r ett lyxigt och andligt f\u00f6rem\u00e5l som tillf\u00f6r elegans till alla utrymmen. Tillverkad av kvalitetskeramik och dekorerad med f\u00f6rgyllning, kombinerar detta r\u00f6kelsekar traditionell design med moderna element. Dess gr\u00f6na f\u00e4rg, i kombination med f\u00f6rgyllning, skapar ett visuellt tilltalande utseende som v\u00e4cker uppm\u00e4rksamhet och skapar en atmosf\u00e4r [&hellip;]<\/p>\n","protected":false},"featured_media":0,"template":"","meta":{"give_campaign_id":0},"product_brand":[],"product_cat":[542],"product_tag":[],"class_list":{"0":"post-6359","1":"product","2":"type-product","3":"status-publish","5":"product_cat-handgjorda-rokelsekar","7":"first","8":"outofstock","9":"purchasable","10":"product-type-simple"},"_links":{"self":[{"href":"https:\/\/orthodoxblessings.com\/sv\/wp-json\/wp\/v2\/product\/6359","targetHints":{"allow":["GET"]}}],"collection":[{"href":"https:\/\/orthodoxblessings.com\/sv\/wp-json\/wp\/v2\/product"}],"about":[{"href":"https:\/\/orthodoxblessings.com\/sv\/wp-json\/wp\/v2\/types\/product"}],"wp:attachment":[{"href":"https:\/\/orthodoxblessings.com\/sv\/wp-json\/wp\/v2\/media?parent=6359"}],"wp:term":[{"taxonomy":"product_brand","embeddable":true,"href":"https:\/\/orthodoxblessings.com\/sv\/wp-json\/wp\/v2\/product_brand?post=6359"},{"taxonomy":"product_cat","embeddable":true,"href":"https:\/\/orthodoxblessings.com\/sv\/wp-json\/wp\/v2\/product_cat?post=6359"},{"taxonomy":"product_tag","embeddable":true,"href":"https:\/\/orthodoxblessings.com\/sv\/wp-json\/wp\/v2\/product_tag?post=6359"}],"curies":[{"name":"wp","href":"https:\/\/api.w.org\/{rel}","templated":true}]}}