{"id":6358,"date":"2025-05-25T08:28:14","date_gmt":"2025-05-25T08:28:14","guid":{"rendered":"https:\/\/orthodoxblessings.com\/shop\/liten-keramisk-rokelsekar-brun-botten\/"},"modified":"2025-05-25T08:28:14","modified_gmt":"2025-05-25T08:28:14","slug":"liten-keramisk-rokelsekar-brun-botten","status":"publish","type":"product","link":"https:\/\/orthodoxblessings.com\/sv\/shop\/liten-keramisk-rokelsekar-brun-botten\/","title":{"rendered":"Liten keramisk r\u00f6kelsekar Brun botten"},"content":{"rendered":"<p>En liten keramisk r\u00f6kelsekar med brun botten \u00e4r ett idealiskt val f\u00f6r dem som vill ha ett andligt f\u00f6rem\u00e5l i en blygsam men elegant design. Tillverkad av h\u00f6gkvalitativ keramik, denna r\u00f6kelsekar har en glaserad yta som s\u00e4kerst\u00e4ller l\u00e5ng livsl\u00e4ngd och enkelt underh\u00e5ll. Dess bruna bas ger en naturlig och varm ton, vilket g\u00f6r den perfekt f\u00f6r religi\u00f6sa ceremonier eller som dekoration i alla religi\u00f6sa utrymmen.   <\/p>\n","protected":false},"excerpt":{"rendered":"<p>En liten keramisk r\u00f6kelsekar med brun botten \u00e4r ett idealiskt val f\u00f6r dem som vill ha ett andligt f\u00f6rem\u00e5l i en blygsam men elegant design. Tillverkad av h\u00f6gkvalitativ keramik, denna r\u00f6kelsekar har en glaserad yta som s\u00e4kerst\u00e4ller l\u00e5ng livsl\u00e4ngd och enkelt underh\u00e5ll. Dess bruna bas ger en naturlig och varm ton, vilket g\u00f6r den perfekt [&hellip;]<\/p>\n","protected":false},"featured_media":3604,"template":"","meta":{"give_campaign_id":0},"product_brand":[],"product_cat":[542],"product_tag":[],"class_list":{"0":"post-6358","1":"product","2":"type-product","3":"status-publish","4":"has-post-thumbnail","6":"product_cat-handgjorda-rokelsekar","8":"first","9":"instock","10":"purchasable","11":"product-type-simple"},"_links":{"self":[{"href":"https:\/\/orthodoxblessings.com\/sv\/wp-json\/wp\/v2\/product\/6358","targetHints":{"allow":["GET"]}}],"collection":[{"href":"https:\/\/orthodoxblessings.com\/sv\/wp-json\/wp\/v2\/product"}],"about":[{"href":"https:\/\/orthodoxblessings.com\/sv\/wp-json\/wp\/v2\/types\/product"}],"wp:featuredmedia":[{"embeddable":true,"href":"https:\/\/orthodoxblessings.com\/sv\/wp-json\/wp\/v2\/media\/3604"}],"wp:attachment":[{"href":"https:\/\/orthodoxblessings.com\/sv\/wp-json\/wp\/v2\/media?parent=6358"}],"wp:term":[{"taxonomy":"product_brand","embeddable":true,"href":"https:\/\/orthodoxblessings.com\/sv\/wp-json\/wp\/v2\/product_brand?post=6358"},{"taxonomy":"product_cat","embeddable":true,"href":"https:\/\/orthodoxblessings.com\/sv\/wp-json\/wp\/v2\/product_cat?post=6358"},{"taxonomy":"product_tag","embeddable":true,"href":"https:\/\/orthodoxblessings.com\/sv\/wp-json\/wp\/v2\/product_tag?post=6358"}],"curies":[{"name":"wp","href":"https:\/\/api.w.org\/{rel}","templated":true}]}}