{"id":6356,"date":"2025-05-26T11:00:35","date_gmt":"2025-05-26T11:00:35","guid":{"rendered":"https:\/\/orthodoxblessings.com\/shop\/ortodox-manuell-rokelsekar-metall-blomformad\/"},"modified":"2025-05-26T11:00:35","modified_gmt":"2025-05-26T11:00:35","slug":"ortodox-manuell-rokelsekar-metall-blomformad","status":"publish","type":"product","link":"https:\/\/orthodoxblessings.com\/sv\/shop\/ortodox-manuell-rokelsekar-metall-blomformad\/","title":{"rendered":"Ortodox manuell r\u00f6kelsekar &#8211; metall blomformad"},"content":{"rendered":"<p>Detta traditionella ortodoxa r\u00f6kelsekar \u00e4r ett idealiskt val f\u00f6r anv\u00e4ndning i hemmet eller kyrkan. Den \u00e4r gjord av h\u00f6gkvalitativ metall med en iriserande guldgr\u00f6n finish, vilket ger den ett elegant utseende.<\/p>\n","protected":false},"excerpt":{"rendered":"<p>Detta traditionella ortodoxa r\u00f6kelsekar \u00e4r ett idealiskt val f\u00f6r anv\u00e4ndning i hemmet eller kyrkan. Den \u00e4r gjord av h\u00f6gkvalitativ metall med en iriserande guldgr\u00f6n finish, vilket ger den ett elegant utseende.<\/p>\n","protected":false},"featured_media":3624,"template":"","meta":{"give_campaign_id":0},"product_brand":[],"product_cat":[547],"product_tag":[],"class_list":{"0":"post-6356","1":"product","2":"type-product","3":"status-publish","4":"has-post-thumbnail","6":"product_cat-rokelsekar-fran-st-petka-kyrkan","8":"first","9":"instock","10":"purchasable","11":"product-type-simple"},"_links":{"self":[{"href":"https:\/\/orthodoxblessings.com\/sv\/wp-json\/wp\/v2\/product\/6356","targetHints":{"allow":["GET"]}}],"collection":[{"href":"https:\/\/orthodoxblessings.com\/sv\/wp-json\/wp\/v2\/product"}],"about":[{"href":"https:\/\/orthodoxblessings.com\/sv\/wp-json\/wp\/v2\/types\/product"}],"wp:featuredmedia":[{"embeddable":true,"href":"https:\/\/orthodoxblessings.com\/sv\/wp-json\/wp\/v2\/media\/3624"}],"wp:attachment":[{"href":"https:\/\/orthodoxblessings.com\/sv\/wp-json\/wp\/v2\/media?parent=6356"}],"wp:term":[{"taxonomy":"product_brand","embeddable":true,"href":"https:\/\/orthodoxblessings.com\/sv\/wp-json\/wp\/v2\/product_brand?post=6356"},{"taxonomy":"product_cat","embeddable":true,"href":"https:\/\/orthodoxblessings.com\/sv\/wp-json\/wp\/v2\/product_cat?post=6356"},{"taxonomy":"product_tag","embeddable":true,"href":"https:\/\/orthodoxblessings.com\/sv\/wp-json\/wp\/v2\/product_tag?post=6356"}],"curies":[{"name":"wp","href":"https:\/\/api.w.org\/{rel}","templated":true}]}}