{"id":6352,"date":"2025-05-26T11:00:35","date_gmt":"2025-05-26T11:00:35","guid":{"rendered":"https:\/\/orthodoxblessings.com\/shop\/ikon-av-st-olympia-stolpnik-portratt\/"},"modified":"2025-05-26T11:00:35","modified_gmt":"2025-05-26T11:00:35","slug":"ikon-av-st-olympia-stolpnik-portratt","status":"publish","type":"product","link":"https:\/\/orthodoxblessings.com\/sv\/shop\/ikon-av-st-olympia-stolpnik-portratt\/","title":{"rendered":"Ikon av St. Olympia Stolpnik &#8211; Portr\u00e4tt"},"content":{"rendered":"<p>Denna ikon f\u00f6rest\u00e4ller ett helgon k\u00e4nt f\u00f6r sin tro och asketiska liv. Detaljm\u00e5lning, l\u00e4mplig f\u00f6r personlig b\u00f6n eller som present.  <\/p>\n","protected":false},"excerpt":{"rendered":"<p>Denna ikon f\u00f6rest\u00e4ller ett helgon k\u00e4nt f\u00f6r sin tro och asketiska liv. Detaljm\u00e5lning, l\u00e4mplig f\u00f6r personlig b\u00f6n eller som present.<\/p>\n","protected":false},"featured_media":9647,"template":"","meta":{"give_campaign_id":0},"product_brand":[],"product_cat":[509],"product_tag":[],"class_list":{"0":"post-6352","1":"product","2":"type-product","3":"status-publish","4":"has-post-thumbnail","6":"product_cat-traikoner","8":"first","9":"instock","10":"purchasable","11":"product-type-simple"},"_links":{"self":[{"href":"https:\/\/orthodoxblessings.com\/sv\/wp-json\/wp\/v2\/product\/6352","targetHints":{"allow":["GET"]}}],"collection":[{"href":"https:\/\/orthodoxblessings.com\/sv\/wp-json\/wp\/v2\/product"}],"about":[{"href":"https:\/\/orthodoxblessings.com\/sv\/wp-json\/wp\/v2\/types\/product"}],"wp:featuredmedia":[{"embeddable":true,"href":"https:\/\/orthodoxblessings.com\/sv\/wp-json\/wp\/v2\/media\/9647"}],"wp:attachment":[{"href":"https:\/\/orthodoxblessings.com\/sv\/wp-json\/wp\/v2\/media?parent=6352"}],"wp:term":[{"taxonomy":"product_brand","embeddable":true,"href":"https:\/\/orthodoxblessings.com\/sv\/wp-json\/wp\/v2\/product_brand?post=6352"},{"taxonomy":"product_cat","embeddable":true,"href":"https:\/\/orthodoxblessings.com\/sv\/wp-json\/wp\/v2\/product_cat?post=6352"},{"taxonomy":"product_tag","embeddable":true,"href":"https:\/\/orthodoxblessings.com\/sv\/wp-json\/wp\/v2\/product_tag?post=6352"}],"curies":[{"name":"wp","href":"https:\/\/api.w.org\/{rel}","templated":true}]}}