{"id":6347,"date":"2025-05-26T11:00:35","date_gmt":"2025-05-26T11:00:35","guid":{"rendered":"https:\/\/orthodoxblessings.com\/shop\/ikon-for-kristi-uppstandelse-pa-fralsningsdagen\/"},"modified":"2025-05-26T11:00:35","modified_gmt":"2025-05-26T11:00:35","slug":"ikon-for-kristi-uppstandelse-pa-fralsningsdagen","status":"publish","type":"product","link":"https:\/\/orthodoxblessings.com\/sv\/shop\/ikon-for-kristi-uppstandelse-pa-fralsningsdagen\/","title":{"rendered":"Ikon f\u00f6r Kristi uppst\u00e5ndelse p\u00e5 Fr\u00e4lsningsdagen"},"content":{"rendered":"<p>En ikon som symboliserar Kristi seger \u00f6ver d\u00f6den. Noggrant utformad i en anda av ortodox ikonografi, l\u00e4mplig f\u00f6r tempel, hem och religi\u00f6sa ceremonier. <\/p>\n","protected":false},"excerpt":{"rendered":"<p>En ikon som symboliserar Kristi seger \u00f6ver d\u00f6den. Noggrant utformad i en anda av ortodox ikonografi, l\u00e4mplig f\u00f6r tempel, hem och religi\u00f6sa ceremonier.<\/p>\n","protected":false},"featured_media":3658,"template":"","meta":{"give_campaign_id":0},"product_brand":[],"product_cat":[509],"product_tag":[],"class_list":{"0":"post-6347","1":"product","2":"type-product","3":"status-publish","4":"has-post-thumbnail","6":"product_cat-traikoner","8":"first","9":"instock","10":"purchasable","11":"product-type-simple"},"_links":{"self":[{"href":"https:\/\/orthodoxblessings.com\/sv\/wp-json\/wp\/v2\/product\/6347","targetHints":{"allow":["GET"]}}],"collection":[{"href":"https:\/\/orthodoxblessings.com\/sv\/wp-json\/wp\/v2\/product"}],"about":[{"href":"https:\/\/orthodoxblessings.com\/sv\/wp-json\/wp\/v2\/types\/product"}],"wp:featuredmedia":[{"embeddable":true,"href":"https:\/\/orthodoxblessings.com\/sv\/wp-json\/wp\/v2\/media\/3658"}],"wp:attachment":[{"href":"https:\/\/orthodoxblessings.com\/sv\/wp-json\/wp\/v2\/media?parent=6347"}],"wp:term":[{"taxonomy":"product_brand","embeddable":true,"href":"https:\/\/orthodoxblessings.com\/sv\/wp-json\/wp\/v2\/product_brand?post=6347"},{"taxonomy":"product_cat","embeddable":true,"href":"https:\/\/orthodoxblessings.com\/sv\/wp-json\/wp\/v2\/product_cat?post=6347"},{"taxonomy":"product_tag","embeddable":true,"href":"https:\/\/orthodoxblessings.com\/sv\/wp-json\/wp\/v2\/product_tag?post=6347"}],"curies":[{"name":"wp","href":"https:\/\/api.w.org\/{rel}","templated":true}]}}