{"id":6345,"date":"2025-05-26T11:00:35","date_gmt":"2025-05-26T11:00:35","guid":{"rendered":"https:\/\/orthodoxblessings.com\/shop\/ikon-av-st-tryphon-portratt\/"},"modified":"2025-05-26T11:00:35","modified_gmt":"2025-05-26T11:00:35","slug":"ikon-av-st-tryphon-portratt","status":"publish","type":"product","link":"https:\/\/orthodoxblessings.com\/sv\/shop\/ikon-av-st-tryphon-portratt\/","title":{"rendered":"Ikon av St. Tryphon &#8211; Portr\u00e4tt"},"content":{"rendered":"<p>Ikonen f\u00f6r Saint Tryphon representerar vinodlarnas skyddshelgon och en gudbehaglig asket. Tillverkad i enlighet med den ortodoxa traditionen, den \u00e4r l\u00e4mplig f\u00f6r hemmet, b\u00f6nerummet eller som en andlig g\u00e5va. <\/p>\n","protected":false},"excerpt":{"rendered":"<p>Ikonen f\u00f6r Saint Tryphon representerar vinodlarnas skyddshelgon och en gudbehaglig asket. Tillverkad i enlighet med den ortodoxa traditionen, den \u00e4r l\u00e4mplig f\u00f6r hemmet, b\u00f6nerummet eller som en andlig g\u00e5va.<\/p>\n","protected":false},"featured_media":9638,"template":"","meta":{"give_campaign_id":0},"product_brand":[],"product_cat":[509],"product_tag":[],"class_list":{"0":"post-6345","1":"product","2":"type-product","3":"status-publish","4":"has-post-thumbnail","6":"product_cat-traikoner","8":"first","9":"instock","10":"purchasable","11":"product-type-simple"},"_links":{"self":[{"href":"https:\/\/orthodoxblessings.com\/sv\/wp-json\/wp\/v2\/product\/6345","targetHints":{"allow":["GET"]}}],"collection":[{"href":"https:\/\/orthodoxblessings.com\/sv\/wp-json\/wp\/v2\/product"}],"about":[{"href":"https:\/\/orthodoxblessings.com\/sv\/wp-json\/wp\/v2\/types\/product"}],"wp:featuredmedia":[{"embeddable":true,"href":"https:\/\/orthodoxblessings.com\/sv\/wp-json\/wp\/v2\/media\/9638"}],"wp:attachment":[{"href":"https:\/\/orthodoxblessings.com\/sv\/wp-json\/wp\/v2\/media?parent=6345"}],"wp:term":[{"taxonomy":"product_brand","embeddable":true,"href":"https:\/\/orthodoxblessings.com\/sv\/wp-json\/wp\/v2\/product_brand?post=6345"},{"taxonomy":"product_cat","embeddable":true,"href":"https:\/\/orthodoxblessings.com\/sv\/wp-json\/wp\/v2\/product_cat?post=6345"},{"taxonomy":"product_tag","embeddable":true,"href":"https:\/\/orthodoxblessings.com\/sv\/wp-json\/wp\/v2\/product_tag?post=6345"}],"curies":[{"name":"wp","href":"https:\/\/api.w.org\/{rel}","templated":true}]}}