{"id":6342,"date":"2025-05-26T11:00:35","date_gmt":"2025-05-26T11:00:35","guid":{"rendered":"https:\/\/orthodoxblessings.com\/shop\/ikon-av-st-kozma-och-damjan\/"},"modified":"2025-05-26T11:00:35","modified_gmt":"2025-05-26T11:00:35","slug":"ikon-av-st-kozma-och-damjan","status":"publish","type":"product","link":"https:\/\/orthodoxblessings.com\/sv\/shop\/ikon-av-st-kozma-och-damjan\/","title":{"rendered":"Ikon av St. Kozma och Damjan"},"content":{"rendered":"<p>Ikonen f\u00f6rest\u00e4ller de heliga Cosmas och Damian fr\u00e5n Besrebrenica, som troget skildrar deras bild. Den \u00e4r gjord av kvalitetsmaterial, med noggrant m\u00e5lade detaljer som f\u00f6ljer traditionell ortodox ikonm\u00e5lning.  <\/p>\n","protected":false},"excerpt":{"rendered":"<p>Ikonen f\u00f6rest\u00e4ller de heliga Cosmas och Damian fr\u00e5n Besrebrenica, som troget skildrar deras bild. Den \u00e4r gjord av kvalitetsmaterial, med noggrant m\u00e5lade detaljer som f\u00f6ljer traditionell ortodox ikonm\u00e5lning.<\/p>\n","protected":false},"featured_media":9632,"template":"","meta":{"give_campaign_id":0},"product_brand":[],"product_cat":[509],"product_tag":[],"class_list":{"0":"post-6342","1":"product","2":"type-product","3":"status-publish","4":"has-post-thumbnail","6":"product_cat-traikoner","8":"first","9":"instock","10":"purchasable","11":"product-type-simple"},"_links":{"self":[{"href":"https:\/\/orthodoxblessings.com\/sv\/wp-json\/wp\/v2\/product\/6342","targetHints":{"allow":["GET"]}}],"collection":[{"href":"https:\/\/orthodoxblessings.com\/sv\/wp-json\/wp\/v2\/product"}],"about":[{"href":"https:\/\/orthodoxblessings.com\/sv\/wp-json\/wp\/v2\/types\/product"}],"wp:featuredmedia":[{"embeddable":true,"href":"https:\/\/orthodoxblessings.com\/sv\/wp-json\/wp\/v2\/media\/9632"}],"wp:attachment":[{"href":"https:\/\/orthodoxblessings.com\/sv\/wp-json\/wp\/v2\/media?parent=6342"}],"wp:term":[{"taxonomy":"product_brand","embeddable":true,"href":"https:\/\/orthodoxblessings.com\/sv\/wp-json\/wp\/v2\/product_brand?post=6342"},{"taxonomy":"product_cat","embeddable":true,"href":"https:\/\/orthodoxblessings.com\/sv\/wp-json\/wp\/v2\/product_cat?post=6342"},{"taxonomy":"product_tag","embeddable":true,"href":"https:\/\/orthodoxblessings.com\/sv\/wp-json\/wp\/v2\/product_tag?post=6342"}],"curies":[{"name":"wp","href":"https:\/\/api.w.org\/{rel}","templated":true}]}}