{"id":6341,"date":"2025-05-26T11:00:35","date_gmt":"2025-05-26T11:00:35","guid":{"rendered":"https:\/\/orthodoxblessings.com\/shop\/ikon-av-st-petka-portratt-av-mini\/"},"modified":"2025-05-26T11:00:35","modified_gmt":"2025-05-26T11:00:35","slug":"ikon-av-st-petka-portratt-av-mini","status":"publish","type":"product","link":"https:\/\/orthodoxblessings.com\/sv\/shop\/ikon-av-st-petka-portratt-av-mini\/","title":{"rendered":"Ikon av St. Petka \u200b\u200b- Portr\u00e4tt av Mini"},"content":{"rendered":"<p>Holy Petka miniikon \u00e4r kompakt och praktisk, l\u00e4mplig att b\u00e4ra i en pl\u00e5nbok, v\u00e4ska eller som en personlig v\u00e4lsignelse. Den gjordes med uppm\u00e4rksamhet p\u00e5 detaljer, med respekt f\u00f6r de traditionella kanonerna f\u00f6r ikonm\u00e5lning. Tack vare sin storlek kan den l\u00e4tt anv\u00e4ndas i daglig b\u00f6n eller som en liten andlig g\u00e5va.  <\/p>\n","protected":false},"excerpt":{"rendered":"<p>Holy Petka miniikon \u00e4r kompakt och praktisk, l\u00e4mplig att b\u00e4ra i en pl\u00e5nbok, v\u00e4ska eller som en personlig v\u00e4lsignelse. Den gjordes med uppm\u00e4rksamhet p\u00e5 detaljer, med respekt f\u00f6r de traditionella kanonerna f\u00f6r ikonm\u00e5lning. Tack vare sin storlek kan den l\u00e4tt anv\u00e4ndas i daglig b\u00f6n eller som en liten andlig g\u00e5va.<\/p>\n","protected":false},"featured_media":3648,"template":"","meta":{"give_campaign_id":0},"product_brand":[],"product_cat":[509],"product_tag":[],"class_list":{"0":"post-6341","1":"product","2":"type-product","3":"status-publish","4":"has-post-thumbnail","6":"product_cat-traikoner","8":"first","9":"instock","10":"purchasable","11":"product-type-simple"},"_links":{"self":[{"href":"https:\/\/orthodoxblessings.com\/sv\/wp-json\/wp\/v2\/product\/6341","targetHints":{"allow":["GET"]}}],"collection":[{"href":"https:\/\/orthodoxblessings.com\/sv\/wp-json\/wp\/v2\/product"}],"about":[{"href":"https:\/\/orthodoxblessings.com\/sv\/wp-json\/wp\/v2\/types\/product"}],"wp:featuredmedia":[{"embeddable":true,"href":"https:\/\/orthodoxblessings.com\/sv\/wp-json\/wp\/v2\/media\/3648"}],"wp:attachment":[{"href":"https:\/\/orthodoxblessings.com\/sv\/wp-json\/wp\/v2\/media?parent=6341"}],"wp:term":[{"taxonomy":"product_brand","embeddable":true,"href":"https:\/\/orthodoxblessings.com\/sv\/wp-json\/wp\/v2\/product_brand?post=6341"},{"taxonomy":"product_cat","embeddable":true,"href":"https:\/\/orthodoxblessings.com\/sv\/wp-json\/wp\/v2\/product_cat?post=6341"},{"taxonomy":"product_tag","embeddable":true,"href":"https:\/\/orthodoxblessings.com\/sv\/wp-json\/wp\/v2\/product_tag?post=6341"}],"curies":[{"name":"wp","href":"https:\/\/api.w.org\/{rel}","templated":true}]}}