{"id":6340,"date":"2025-05-26T11:00:35","date_gmt":"2025-05-26T11:00:35","guid":{"rendered":"https:\/\/orthodoxblessings.com\/shop\/ikon-av-st-simeon-mirotocivi-portratt\/"},"modified":"2025-05-26T11:00:35","modified_gmt":"2025-05-26T11:00:35","slug":"ikon-av-st-simeon-mirotocivi-portratt","status":"publish","type":"product","link":"https:\/\/orthodoxblessings.com\/sv\/shop\/ikon-av-st-simeon-mirotocivi-portratt\/","title":{"rendered":"Ikon av St. Simeon Miroto\u010divi &#8211; Portr\u00e4tt"},"content":{"rendered":"<p>Ikonen f\u00f6r den helige Simeon myrrabl\u00e5saren skildrar denna betydelsefulla figur av serbisk historia i traditionell ortodox stil. Den \u00e4r gjord av kvalitetsmaterial, med exakta detaljer som \u00e5terspeglar helgonets gestalt. Den \u00e4r l\u00e4mplig f\u00f6r hemf\u00f6rh\u00e5llanden, tempel eller som en passande present. Dess konstruktion och design f\u00f6ljer kanoniska principer, vilket g\u00f6r det till ett andligt och konstn\u00e4rligt v\u00e4rdefullt f\u00f6rem\u00e5l.<\/p>\n","protected":false},"excerpt":{"rendered":"<p>Ikonen f\u00f6r den helige Simeon myrrabl\u00e5saren skildrar denna betydelsefulla figur av serbisk historia i traditionell ortodox stil. Den \u00e4r gjord av kvalitetsmaterial, med exakta detaljer som \u00e5terspeglar helgonets gestalt. Den \u00e4r l\u00e4mplig f\u00f6r hemf\u00f6rh\u00e5llanden, tempel eller som en passande present. Dess konstruktion och design f\u00f6ljer kanoniska principer, vilket g\u00f6r det till ett andligt och konstn\u00e4rligt [&hellip;]<\/p>\n","protected":false},"featured_media":3646,"template":"","meta":{"give_campaign_id":0},"product_brand":[],"product_cat":[509],"product_tag":[],"class_list":{"0":"post-6340","1":"product","2":"type-product","3":"status-publish","4":"has-post-thumbnail","6":"product_cat-traikoner","8":"first","9":"instock","10":"purchasable","11":"product-type-simple"},"_links":{"self":[{"href":"https:\/\/orthodoxblessings.com\/sv\/wp-json\/wp\/v2\/product\/6340","targetHints":{"allow":["GET"]}}],"collection":[{"href":"https:\/\/orthodoxblessings.com\/sv\/wp-json\/wp\/v2\/product"}],"about":[{"href":"https:\/\/orthodoxblessings.com\/sv\/wp-json\/wp\/v2\/types\/product"}],"wp:featuredmedia":[{"embeddable":true,"href":"https:\/\/orthodoxblessings.com\/sv\/wp-json\/wp\/v2\/media\/3646"}],"wp:attachment":[{"href":"https:\/\/orthodoxblessings.com\/sv\/wp-json\/wp\/v2\/media?parent=6340"}],"wp:term":[{"taxonomy":"product_brand","embeddable":true,"href":"https:\/\/orthodoxblessings.com\/sv\/wp-json\/wp\/v2\/product_brand?post=6340"},{"taxonomy":"product_cat","embeddable":true,"href":"https:\/\/orthodoxblessings.com\/sv\/wp-json\/wp\/v2\/product_cat?post=6340"},{"taxonomy":"product_tag","embeddable":true,"href":"https:\/\/orthodoxblessings.com\/sv\/wp-json\/wp\/v2\/product_tag?post=6340"}],"curies":[{"name":"wp","href":"https:\/\/api.w.org\/{rel}","templated":true}]}}