{"id":6339,"date":"2025-05-26T11:00:35","date_gmt":"2025-05-26T11:00:35","guid":{"rendered":"https:\/\/orthodoxblessings.com\/shop\/ostrog-rokelse-i-en-vit-ask\/"},"modified":"2025-05-26T11:00:35","modified_gmt":"2025-05-26T11:00:35","slug":"ostrog-rokelse-i-en-vit-ask","status":"publish","type":"product","link":"https:\/\/orthodoxblessings.com\/sv\/shop\/ostrog-rokelse-i-en-vit-ask\/","title":{"rendered":"Ostrog r\u00f6kelse i en vit ask"},"content":{"rendered":"<p>Ostrog r\u00f6kelse \u00e4r en traditionell och andlig produkt, perfekt f\u00f6r religi\u00f6sa stunder och skapar en fridfull atmosf\u00e4r. F\u00f6rpackad i en elegant vit ask, har denna r\u00f6kelse en lugnande och salig doft som bidrar till en djup k\u00e4nsla av andlig anknytning och b\u00f6n. <\/p>\n","protected":false},"excerpt":{"rendered":"<p>Ostrog r\u00f6kelse \u00e4r en traditionell och andlig produkt, perfekt f\u00f6r religi\u00f6sa stunder och skapar en fridfull atmosf\u00e4r. F\u00f6rpackad i en elegant vit ask, har denna r\u00f6kelse en lugnande och salig doft som bidrar till en djup k\u00e4nsla av andlig anknytning och b\u00f6n.<\/p>\n","protected":false},"featured_media":3640,"template":"","meta":{"give_campaign_id":0},"product_brand":[],"product_cat":[543],"product_tag":[],"class_list":{"0":"post-6339","1":"product","2":"type-product","3":"status-publish","4":"has-post-thumbnail","6":"product_cat-rokelse","8":"first","9":"instock","10":"purchasable","11":"product-type-simple"},"_links":{"self":[{"href":"https:\/\/orthodoxblessings.com\/sv\/wp-json\/wp\/v2\/product\/6339","targetHints":{"allow":["GET"]}}],"collection":[{"href":"https:\/\/orthodoxblessings.com\/sv\/wp-json\/wp\/v2\/product"}],"about":[{"href":"https:\/\/orthodoxblessings.com\/sv\/wp-json\/wp\/v2\/types\/product"}],"wp:featuredmedia":[{"embeddable":true,"href":"https:\/\/orthodoxblessings.com\/sv\/wp-json\/wp\/v2\/media\/3640"}],"wp:attachment":[{"href":"https:\/\/orthodoxblessings.com\/sv\/wp-json\/wp\/v2\/media?parent=6339"}],"wp:term":[{"taxonomy":"product_brand","embeddable":true,"href":"https:\/\/orthodoxblessings.com\/sv\/wp-json\/wp\/v2\/product_brand?post=6339"},{"taxonomy":"product_cat","embeddable":true,"href":"https:\/\/orthodoxblessings.com\/sv\/wp-json\/wp\/v2\/product_cat?post=6339"},{"taxonomy":"product_tag","embeddable":true,"href":"https:\/\/orthodoxblessings.com\/sv\/wp-json\/wp\/v2\/product_tag?post=6339"}],"curies":[{"name":"wp","href":"https:\/\/api.w.org\/{rel}","templated":true}]}}