{"id":6338,"date":"2025-05-26T11:00:35","date_gmt":"2025-05-26T11:00:35","guid":{"rendered":"https:\/\/orthodoxblessings.com\/shop\/rokelsekar-for-ljusstake-spider\/"},"modified":"2025-05-26T11:00:35","modified_gmt":"2025-05-26T11:00:35","slug":"rokelsekar-for-ljusstake-spider","status":"publish","type":"product","link":"https:\/\/orthodoxblessings.com\/sv\/shop\/rokelsekar-for-ljusstake-spider\/","title":{"rendered":"R\u00f6kelsekar f\u00f6r ljusstake &#8221;Spider&#8221;"},"content":{"rendered":"<p>Medan ljuset brinner \u00e4r ditt hus ocks\u00e5 uppr\u00f6rt. En \\&#8221;spindel\\&#8221; anv\u00e4nds f\u00f6r detta \u00e4ndam\u00e5l, vilket \u00e4r l\u00e4tt att anv\u00e4nda. Du beh\u00f6ver bara justera benen och placera den p\u00e5 den t\u00e4nda lampan.   <\/p>\n","protected":false},"excerpt":{"rendered":"<p>Medan ljuset brinner \u00e4r ditt hus ocks\u00e5 uppr\u00f6rt. En \\&#8221;spindel\\&#8221; anv\u00e4nds f\u00f6r detta \u00e4ndam\u00e5l, vilket \u00e4r l\u00e4tt att anv\u00e4nda. Du beh\u00f6ver bara justera benen och placera den p\u00e5 den t\u00e4nda lampan.<\/p>\n","protected":false},"featured_media":3629,"template":"","meta":{"give_campaign_id":0},"product_brand":[],"product_cat":[547],"product_tag":[],"class_list":{"0":"post-6338","1":"product","2":"type-product","3":"status-publish","4":"has-post-thumbnail","6":"product_cat-rokelsekar-fran-st-petka-kyrkan","8":"first","9":"instock","10":"purchasable","11":"product-type-simple"},"_links":{"self":[{"href":"https:\/\/orthodoxblessings.com\/sv\/wp-json\/wp\/v2\/product\/6338","targetHints":{"allow":["GET"]}}],"collection":[{"href":"https:\/\/orthodoxblessings.com\/sv\/wp-json\/wp\/v2\/product"}],"about":[{"href":"https:\/\/orthodoxblessings.com\/sv\/wp-json\/wp\/v2\/types\/product"}],"wp:featuredmedia":[{"embeddable":true,"href":"https:\/\/orthodoxblessings.com\/sv\/wp-json\/wp\/v2\/media\/3629"}],"wp:attachment":[{"href":"https:\/\/orthodoxblessings.com\/sv\/wp-json\/wp\/v2\/media?parent=6338"}],"wp:term":[{"taxonomy":"product_brand","embeddable":true,"href":"https:\/\/orthodoxblessings.com\/sv\/wp-json\/wp\/v2\/product_brand?post=6338"},{"taxonomy":"product_cat","embeddable":true,"href":"https:\/\/orthodoxblessings.com\/sv\/wp-json\/wp\/v2\/product_cat?post=6338"},{"taxonomy":"product_tag","embeddable":true,"href":"https:\/\/orthodoxblessings.com\/sv\/wp-json\/wp\/v2\/product_tag?post=6338"}],"curies":[{"name":"wp","href":"https:\/\/api.w.org\/{rel}","templated":true}]}}