{"id":6337,"date":"2025-05-26T11:00:35","date_gmt":"2025-05-26T11:00:35","guid":{"rendered":"https:\/\/orthodoxblessings.com\/shop\/rokelsekar-i-massing\/"},"modified":"2025-05-26T11:00:35","modified_gmt":"2025-05-26T11:00:35","slug":"rokelsekar-i-massing","status":"publish","type":"product","link":"https:\/\/orthodoxblessings.com\/sv\/shop\/rokelsekar-i-massing\/","title":{"rendered":"R\u00f6kelsekar i m\u00e4ssing"},"content":{"rendered":"<p>R\u00f6kelsekaret och gl\u00f6den i den symboliserar v\u00e5r brinnande k\u00e4rlek till tron \u200b\u200boch v\u00e4rmen i v\u00e5r kristna sj\u00e4l. Lukten av r\u00f6kelse symboliserar den helige Andes n\u00e5d. R\u00f6kelsekaret anv\u00e4nds under varje b\u00f6n.<\/p>\n","protected":false},"excerpt":{"rendered":"<p>R\u00f6kelsekaret och gl\u00f6den i den symboliserar v\u00e5r brinnande k\u00e4rlek till tron \u200b\u200boch v\u00e4rmen i v\u00e5r kristna sj\u00e4l. Lukten av r\u00f6kelse symboliserar den helige Andes n\u00e5d. R\u00f6kelsekaret anv\u00e4nds under varje b\u00f6n.<\/p>\n","protected":false},"featured_media":3636,"template":"","meta":{"give_campaign_id":0},"product_brand":[],"product_cat":[547],"product_tag":[],"class_list":{"0":"post-6337","1":"product","2":"type-product","3":"status-publish","4":"has-post-thumbnail","6":"product_cat-rokelsekar-fran-st-petka-kyrkan","8":"first","9":"instock","10":"purchasable","11":"product-type-simple"},"_links":{"self":[{"href":"https:\/\/orthodoxblessings.com\/sv\/wp-json\/wp\/v2\/product\/6337","targetHints":{"allow":["GET"]}}],"collection":[{"href":"https:\/\/orthodoxblessings.com\/sv\/wp-json\/wp\/v2\/product"}],"about":[{"href":"https:\/\/orthodoxblessings.com\/sv\/wp-json\/wp\/v2\/types\/product"}],"wp:featuredmedia":[{"embeddable":true,"href":"https:\/\/orthodoxblessings.com\/sv\/wp-json\/wp\/v2\/media\/3636"}],"wp:attachment":[{"href":"https:\/\/orthodoxblessings.com\/sv\/wp-json\/wp\/v2\/media?parent=6337"}],"wp:term":[{"taxonomy":"product_brand","embeddable":true,"href":"https:\/\/orthodoxblessings.com\/sv\/wp-json\/wp\/v2\/product_brand?post=6337"},{"taxonomy":"product_cat","embeddable":true,"href":"https:\/\/orthodoxblessings.com\/sv\/wp-json\/wp\/v2\/product_cat?post=6337"},{"taxonomy":"product_tag","embeddable":true,"href":"https:\/\/orthodoxblessings.com\/sv\/wp-json\/wp\/v2\/product_tag?post=6337"}],"curies":[{"name":"wp","href":"https:\/\/api.w.org\/{rel}","templated":true}]}}