{"id":6334,"date":"2025-05-26T11:00:43","date_gmt":"2025-05-26T11:00:43","guid":{"rendered":"https:\/\/orthodoxblessings.com\/shop\/ikon-for-den-heliga-guds-moder\/"},"modified":"2025-05-26T11:00:43","modified_gmt":"2025-05-26T11:00:43","slug":"ikon-for-den-heliga-guds-moder","status":"publish","type":"product","link":"https:\/\/orthodoxblessings.com\/sv\/shop\/ikon-for-den-heliga-guds-moder\/","title":{"rendered":"Ikon f\u00f6r den heliga Guds moder"},"content":{"rendered":"<p>En ikon som representerar Guds moder, Guds moder. Baserat p\u00e5 de kanoniska reglerna f\u00f6r ortodox konst \u00e4r denna ikon l\u00e4mplig f\u00f6r b\u00f6neutrymme och andligt bruk.  <\/p>\n","protected":false},"excerpt":{"rendered":"<p>En ikon som representerar Guds moder, Guds moder. Baserat p\u00e5 de kanoniska reglerna f\u00f6r ortodox konst \u00e4r denna ikon l\u00e4mplig f\u00f6r b\u00f6neutrymme och andligt bruk.<\/p>\n","protected":false},"featured_media":3710,"template":"","meta":{"give_campaign_id":0},"product_brand":[],"product_cat":[509],"product_tag":[],"class_list":{"0":"post-6334","1":"product","2":"type-product","3":"status-publish","4":"has-post-thumbnail","6":"product_cat-traikoner","8":"first","9":"instock","10":"purchasable","11":"product-type-simple"},"_links":{"self":[{"href":"https:\/\/orthodoxblessings.com\/sv\/wp-json\/wp\/v2\/product\/6334","targetHints":{"allow":["GET"]}}],"collection":[{"href":"https:\/\/orthodoxblessings.com\/sv\/wp-json\/wp\/v2\/product"}],"about":[{"href":"https:\/\/orthodoxblessings.com\/sv\/wp-json\/wp\/v2\/types\/product"}],"wp:featuredmedia":[{"embeddable":true,"href":"https:\/\/orthodoxblessings.com\/sv\/wp-json\/wp\/v2\/media\/3710"}],"wp:attachment":[{"href":"https:\/\/orthodoxblessings.com\/sv\/wp-json\/wp\/v2\/media?parent=6334"}],"wp:term":[{"taxonomy":"product_brand","embeddable":true,"href":"https:\/\/orthodoxblessings.com\/sv\/wp-json\/wp\/v2\/product_brand?post=6334"},{"taxonomy":"product_cat","embeddable":true,"href":"https:\/\/orthodoxblessings.com\/sv\/wp-json\/wp\/v2\/product_cat?post=6334"},{"taxonomy":"product_tag","embeddable":true,"href":"https:\/\/orthodoxblessings.com\/sv\/wp-json\/wp\/v2\/product_tag?post=6334"}],"curies":[{"name":"wp","href":"https:\/\/api.w.org\/{rel}","templated":true}]}}