{"id":6333,"date":"2025-05-26T11:00:43","date_gmt":"2025-05-26T11:00:43","guid":{"rendered":"https:\/\/orthodoxblessings.com\/shop\/vit-angel-ikon\/"},"modified":"2025-05-26T11:00:43","modified_gmt":"2025-05-26T11:00:43","slug":"vit-angel-ikon","status":"publish","type":"product","link":"https:\/\/orthodoxblessings.com\/sv\/shop\/vit-angel-ikon\/","title":{"rendered":"Vit \u00e4ngel ikon"},"content":{"rendered":"<p>Den ber\u00f6mda ikonen fr\u00e5n Mile\u0161eva-klostret, en symbol f\u00f6r fred och andlighet. Noggrant m\u00e5lade, perfekt f\u00f6r alla hem. <\/p>\n","protected":false},"excerpt":{"rendered":"<p>Den ber\u00f6mda ikonen fr\u00e5n Mile\u0161eva-klostret, en symbol f\u00f6r fred och andlighet. Noggrant m\u00e5lade, perfekt f\u00f6r alla hem.<\/p>\n","protected":false},"featured_media":0,"template":"","meta":{"give_campaign_id":0},"product_brand":[],"product_cat":[509],"product_tag":[],"class_list":{"0":"post-6333","1":"product","2":"type-product","3":"status-publish","5":"product_cat-traikoner","7":"first","8":"outofstock","9":"purchasable","10":"product-type-simple"},"_links":{"self":[{"href":"https:\/\/orthodoxblessings.com\/sv\/wp-json\/wp\/v2\/product\/6333","targetHints":{"allow":["GET"]}}],"collection":[{"href":"https:\/\/orthodoxblessings.com\/sv\/wp-json\/wp\/v2\/product"}],"about":[{"href":"https:\/\/orthodoxblessings.com\/sv\/wp-json\/wp\/v2\/types\/product"}],"wp:attachment":[{"href":"https:\/\/orthodoxblessings.com\/sv\/wp-json\/wp\/v2\/media?parent=6333"}],"wp:term":[{"taxonomy":"product_brand","embeddable":true,"href":"https:\/\/orthodoxblessings.com\/sv\/wp-json\/wp\/v2\/product_brand?post=6333"},{"taxonomy":"product_cat","embeddable":true,"href":"https:\/\/orthodoxblessings.com\/sv\/wp-json\/wp\/v2\/product_cat?post=6333"},{"taxonomy":"product_tag","embeddable":true,"href":"https:\/\/orthodoxblessings.com\/sv\/wp-json\/wp\/v2\/product_tag?post=6333"}],"curies":[{"name":"wp","href":"https:\/\/api.w.org\/{rel}","templated":true}]}}