{"id":6323,"date":"2025-05-26T11:00:43","date_gmt":"2025-05-26T11:00:43","guid":{"rendered":"https:\/\/orthodoxblessings.com\/shop\/ikon-kristi-uppstandelse-pask\/"},"modified":"2025-05-26T11:00:43","modified_gmt":"2025-05-26T11:00:43","slug":"ikon-kristi-uppstandelse-pask","status":"publish","type":"product","link":"https:\/\/orthodoxblessings.com\/sv\/shop\/ikon-kristi-uppstandelse-pask\/","title":{"rendered":"Ikon Kristi uppst\u00e5ndelse p\u00e5sk"},"content":{"rendered":"<p>En symbol f\u00f6r livets seger \u00f6ver d\u00f6den, en skildring av Kristi uppst\u00e5ndelse. Noggrant tillverkad i ortodox konsts anda. <\/p>\n","protected":false},"excerpt":{"rendered":"<p>En symbol f\u00f6r livets seger \u00f6ver d\u00f6den, en skildring av Kristi uppst\u00e5ndelse. Noggrant tillverkad i ortodox konsts anda.<\/p>\n","protected":false},"featured_media":3694,"template":"","meta":{"give_campaign_id":0},"product_brand":[],"product_cat":[509],"product_tag":[],"class_list":{"0":"post-6323","1":"product","2":"type-product","3":"status-publish","4":"has-post-thumbnail","6":"product_cat-traikoner","8":"first","9":"instock","10":"purchasable","11":"product-type-simple"},"_links":{"self":[{"href":"https:\/\/orthodoxblessings.com\/sv\/wp-json\/wp\/v2\/product\/6323","targetHints":{"allow":["GET"]}}],"collection":[{"href":"https:\/\/orthodoxblessings.com\/sv\/wp-json\/wp\/v2\/product"}],"about":[{"href":"https:\/\/orthodoxblessings.com\/sv\/wp-json\/wp\/v2\/types\/product"}],"wp:featuredmedia":[{"embeddable":true,"href":"https:\/\/orthodoxblessings.com\/sv\/wp-json\/wp\/v2\/media\/3694"}],"wp:attachment":[{"href":"https:\/\/orthodoxblessings.com\/sv\/wp-json\/wp\/v2\/media?parent=6323"}],"wp:term":[{"taxonomy":"product_brand","embeddable":true,"href":"https:\/\/orthodoxblessings.com\/sv\/wp-json\/wp\/v2\/product_brand?post=6323"},{"taxonomy":"product_cat","embeddable":true,"href":"https:\/\/orthodoxblessings.com\/sv\/wp-json\/wp\/v2\/product_cat?post=6323"},{"taxonomy":"product_tag","embeddable":true,"href":"https:\/\/orthodoxblessings.com\/sv\/wp-json\/wp\/v2\/product_tag?post=6323"}],"curies":[{"name":"wp","href":"https:\/\/api.w.org\/{rel}","templated":true}]}}