{"id":6321,"date":"2025-05-26T11:00:43","date_gmt":"2025-05-26T11:00:43","guid":{"rendered":"https:\/\/orthodoxblessings.com\/shop\/ikon-av-st-stefan\/"},"modified":"2025-05-26T11:00:43","modified_gmt":"2025-05-26T11:00:43","slug":"ikon-av-st-stefan","status":"publish","type":"product","link":"https:\/\/orthodoxblessings.com\/sv\/shop\/ikon-av-st-stefan\/","title":{"rendered":"Ikon av St. Stefan"},"content":{"rendered":"<p>M\u00e5lad ikon av den f\u00f6rsta kristna martyren, gjord i enlighet med kanoniska regler. Den \u00e4r avsedd f\u00f6r andlig anv\u00e4ndning i hemmet eller templet.  <\/p>\n","protected":false},"excerpt":{"rendered":"<p>M\u00e5lad ikon av den f\u00f6rsta kristna martyren, gjord i enlighet med kanoniska regler. Den \u00e4r avsedd f\u00f6r andlig anv\u00e4ndning i hemmet eller templet.<\/p>\n","protected":false},"featured_media":9623,"template":"","meta":{"give_campaign_id":0},"product_brand":[],"product_cat":[509],"product_tag":[],"class_list":{"0":"post-6321","1":"product","2":"type-product","3":"status-publish","4":"has-post-thumbnail","6":"product_cat-traikoner","8":"first","9":"instock","10":"purchasable","11":"product-type-simple"},"_links":{"self":[{"href":"https:\/\/orthodoxblessings.com\/sv\/wp-json\/wp\/v2\/product\/6321","targetHints":{"allow":["GET"]}}],"collection":[{"href":"https:\/\/orthodoxblessings.com\/sv\/wp-json\/wp\/v2\/product"}],"about":[{"href":"https:\/\/orthodoxblessings.com\/sv\/wp-json\/wp\/v2\/types\/product"}],"wp:featuredmedia":[{"embeddable":true,"href":"https:\/\/orthodoxblessings.com\/sv\/wp-json\/wp\/v2\/media\/9623"}],"wp:attachment":[{"href":"https:\/\/orthodoxblessings.com\/sv\/wp-json\/wp\/v2\/media?parent=6321"}],"wp:term":[{"taxonomy":"product_brand","embeddable":true,"href":"https:\/\/orthodoxblessings.com\/sv\/wp-json\/wp\/v2\/product_brand?post=6321"},{"taxonomy":"product_cat","embeddable":true,"href":"https:\/\/orthodoxblessings.com\/sv\/wp-json\/wp\/v2\/product_cat?post=6321"},{"taxonomy":"product_tag","embeddable":true,"href":"https:\/\/orthodoxblessings.com\/sv\/wp-json\/wp\/v2\/product_tag?post=6321"}],"curies":[{"name":"wp","href":"https:\/\/api.w.org\/{rel}","templated":true}]}}