{"id":6320,"date":"2025-05-26T11:00:43","date_gmt":"2025-05-26T11:00:43","guid":{"rendered":"https:\/\/orthodoxblessings.com\/shop\/ikon-av-st-nicholas-3\/"},"modified":"2025-05-26T11:00:43","modified_gmt":"2025-05-26T11:00:43","slug":"ikon-av-st-nicholas-3","status":"publish","type":"product","link":"https:\/\/orthodoxblessings.com\/sv\/shop\/ikon-av-st-nicholas-3\/","title":{"rendered":"Ikon av St. Nicholas"},"content":{"rendered":"<p>Ikonen f\u00f6r det mest v\u00f6rdade helgonet i den ortodoxa v\u00e4rlden, skyddshelgonet f\u00f6r resen\u00e4rer och sj\u00f6m\u00e4n. Traditionellt tillverkad, ett utm\u00e4rkt val f\u00f6r en hemikon eller present.  <\/p>\n","protected":false},"excerpt":{"rendered":"<p>Ikonen f\u00f6r det mest v\u00f6rdade helgonet i den ortodoxa v\u00e4rlden, skyddshelgonet f\u00f6r resen\u00e4rer och sj\u00f6m\u00e4n. Traditionellt tillverkad, ett utm\u00e4rkt val f\u00f6r en hemikon eller present.<\/p>\n","protected":false},"featured_media":9620,"template":"","meta":{"give_campaign_id":0},"product_brand":[],"product_cat":[509],"product_tag":[],"class_list":{"0":"post-6320","1":"product","2":"type-product","3":"status-publish","4":"has-post-thumbnail","6":"product_cat-traikoner","8":"first","9":"instock","10":"purchasable","11":"product-type-simple"},"_links":{"self":[{"href":"https:\/\/orthodoxblessings.com\/sv\/wp-json\/wp\/v2\/product\/6320","targetHints":{"allow":["GET"]}}],"collection":[{"href":"https:\/\/orthodoxblessings.com\/sv\/wp-json\/wp\/v2\/product"}],"about":[{"href":"https:\/\/orthodoxblessings.com\/sv\/wp-json\/wp\/v2\/types\/product"}],"wp:featuredmedia":[{"embeddable":true,"href":"https:\/\/orthodoxblessings.com\/sv\/wp-json\/wp\/v2\/media\/9620"}],"wp:attachment":[{"href":"https:\/\/orthodoxblessings.com\/sv\/wp-json\/wp\/v2\/media?parent=6320"}],"wp:term":[{"taxonomy":"product_brand","embeddable":true,"href":"https:\/\/orthodoxblessings.com\/sv\/wp-json\/wp\/v2\/product_brand?post=6320"},{"taxonomy":"product_cat","embeddable":true,"href":"https:\/\/orthodoxblessings.com\/sv\/wp-json\/wp\/v2\/product_cat?post=6320"},{"taxonomy":"product_tag","embeddable":true,"href":"https:\/\/orthodoxblessings.com\/sv\/wp-json\/wp\/v2\/product_tag?post=6320"}],"curies":[{"name":"wp","href":"https:\/\/api.w.org\/{rel}","templated":true}]}}