{"id":6311,"date":"2025-05-26T11:00:52","date_gmt":"2025-05-26T11:00:52","guid":{"rendered":"https:\/\/orthodoxblessings.com\/shop\/ikon-av-saint-petka-med-guld-och-silver\/"},"modified":"2025-05-26T11:00:52","modified_gmt":"2025-05-26T11:00:52","slug":"ikon-av-saint-petka-med-guld-och-silver","status":"publish","type":"product","link":"https:\/\/orthodoxblessings.com\/sv\/shop\/ikon-av-saint-petka-med-guld-och-silver\/","title":{"rendered":"Ikon av Saint Petka med guld och silver"},"content":{"rendered":"<p>Denna ikon av Stilla fredagen skildrar denna mirakul\u00f6sa beskyddarinna med inslag av guld och silver, som l\u00e4gger h\u00f6gtidlighet och storhet till hennes bild. Saint Petka \u00e4r k\u00e4nd f\u00f6r sitt engagemang och v\u00e4lg\u00f6renhet. Denna ikon \u00e4r s\u00e4rskilt l\u00e4mplig f\u00f6r hem och tempel, som ett skydd mot problem och som en p\u00e5minnelse om Guds n\u00e5d och barmh\u00e4rtighet.   <\/p>\n","protected":false},"excerpt":{"rendered":"<p>Denna ikon av Stilla fredagen skildrar denna mirakul\u00f6sa beskyddarinna med inslag av guld och silver, som l\u00e4gger h\u00f6gtidlighet och storhet till hennes bild. Saint Petka \u00e4r k\u00e4nd f\u00f6r sitt engagemang och v\u00e4lg\u00f6renhet. Denna ikon \u00e4r s\u00e4rskilt l\u00e4mplig f\u00f6r hem och tempel, som ett skydd mot problem och som en p\u00e5minnelse om Guds n\u00e5d och barmh\u00e4rtighet.<\/p>\n","protected":false},"featured_media":9617,"template":"","meta":{"give_campaign_id":0},"product_brand":[],"product_cat":[522],"product_tag":[],"class_list":{"0":"post-6311","1":"product","2":"type-product","3":"status-publish","4":"has-post-thumbnail","6":"product_cat-silver-och-forgyllda-ikoner","8":"first","9":"instock","10":"sale","11":"purchasable","12":"product-type-simple"},"_links":{"self":[{"href":"https:\/\/orthodoxblessings.com\/sv\/wp-json\/wp\/v2\/product\/6311","targetHints":{"allow":["GET"]}}],"collection":[{"href":"https:\/\/orthodoxblessings.com\/sv\/wp-json\/wp\/v2\/product"}],"about":[{"href":"https:\/\/orthodoxblessings.com\/sv\/wp-json\/wp\/v2\/types\/product"}],"wp:featuredmedia":[{"embeddable":true,"href":"https:\/\/orthodoxblessings.com\/sv\/wp-json\/wp\/v2\/media\/9617"}],"wp:attachment":[{"href":"https:\/\/orthodoxblessings.com\/sv\/wp-json\/wp\/v2\/media?parent=6311"}],"wp:term":[{"taxonomy":"product_brand","embeddable":true,"href":"https:\/\/orthodoxblessings.com\/sv\/wp-json\/wp\/v2\/product_brand?post=6311"},{"taxonomy":"product_cat","embeddable":true,"href":"https:\/\/orthodoxblessings.com\/sv\/wp-json\/wp\/v2\/product_cat?post=6311"},{"taxonomy":"product_tag","embeddable":true,"href":"https:\/\/orthodoxblessings.com\/sv\/wp-json\/wp\/v2\/product_tag?post=6311"}],"curies":[{"name":"wp","href":"https:\/\/api.w.org\/{rel}","templated":true}]}}