{"id":6310,"date":"2025-05-26T11:00:52","date_gmt":"2025-05-26T11:00:52","guid":{"rendered":"https:\/\/orthodoxblessings.com\/shop\/ikon-av-st-john\/"},"modified":"2025-05-26T11:00:52","modified_gmt":"2025-05-26T11:00:52","slug":"ikon-av-st-john","status":"publish","type":"product","link":"https:\/\/orthodoxblessings.com\/sv\/shop\/ikon-av-st-john\/","title":{"rendered":"Ikon av St. John"},"content":{"rendered":"<p>Ikonen f\u00f6r Johannes D\u00f6paren, den st\u00f6rsta profeten, b\u00e4r ett starkt budskap om omv\u00e4ndelse och en uppmaning till andlig f\u00f6rnyelse. Sankt Johannes \u00e4r k\u00e4nd som den som beredde v\u00e4gen f\u00f6r Herren Jesu Kristi ankomst. Denna ikon tj\u00e4nar som en p\u00e5minnelse om vikten av omv\u00e4ndelse och andlig tillv\u00e4xt, och anv\u00e4nds ofta f\u00f6r personlig b\u00f6n och v\u00e4ndning till Gud.   <\/p>\n","protected":false},"excerpt":{"rendered":"<p>Ikonen f\u00f6r Johannes D\u00f6paren, den st\u00f6rsta profeten, b\u00e4r ett starkt budskap om omv\u00e4ndelse och en uppmaning till andlig f\u00f6rnyelse. Sankt Johannes \u00e4r k\u00e4nd som den som beredde v\u00e4gen f\u00f6r Herren Jesu Kristi ankomst. Denna ikon tj\u00e4nar som en p\u00e5minnelse om vikten av omv\u00e4ndelse och andlig tillv\u00e4xt, och anv\u00e4nds ofta f\u00f6r personlig b\u00f6n och v\u00e4ndning till [&hellip;]<\/p>\n","protected":false},"featured_media":9444,"template":"","meta":{"give_campaign_id":0},"product_brand":[],"product_cat":[522],"product_tag":[],"class_list":{"0":"post-6310","1":"product","2":"type-product","3":"status-publish","4":"has-post-thumbnail","6":"product_cat-silver-och-forgyllda-ikoner","8":"first","9":"instock","10":"purchasable","11":"product-type-simple"},"_links":{"self":[{"href":"https:\/\/orthodoxblessings.com\/sv\/wp-json\/wp\/v2\/product\/6310","targetHints":{"allow":["GET"]}}],"collection":[{"href":"https:\/\/orthodoxblessings.com\/sv\/wp-json\/wp\/v2\/product"}],"about":[{"href":"https:\/\/orthodoxblessings.com\/sv\/wp-json\/wp\/v2\/types\/product"}],"wp:featuredmedia":[{"embeddable":true,"href":"https:\/\/orthodoxblessings.com\/sv\/wp-json\/wp\/v2\/media\/9444"}],"wp:attachment":[{"href":"https:\/\/orthodoxblessings.com\/sv\/wp-json\/wp\/v2\/media?parent=6310"}],"wp:term":[{"taxonomy":"product_brand","embeddable":true,"href":"https:\/\/orthodoxblessings.com\/sv\/wp-json\/wp\/v2\/product_brand?post=6310"},{"taxonomy":"product_cat","embeddable":true,"href":"https:\/\/orthodoxblessings.com\/sv\/wp-json\/wp\/v2\/product_cat?post=6310"},{"taxonomy":"product_tag","embeddable":true,"href":"https:\/\/orthodoxblessings.com\/sv\/wp-json\/wp\/v2\/product_tag?post=6310"}],"curies":[{"name":"wp","href":"https:\/\/api.w.org\/{rel}","templated":true}]}}