{"id":6309,"date":"2025-05-26T11:00:52","date_gmt":"2025-05-26T11:00:52","guid":{"rendered":"https:\/\/orthodoxblessings.com\/shop\/ikon-av-st-george\/"},"modified":"2025-05-26T11:00:52","modified_gmt":"2025-05-26T11:00:52","slug":"ikon-av-st-george","status":"publish","type":"product","link":"https:\/\/orthodoxblessings.com\/sv\/shop\/ikon-av-st-george\/","title":{"rendered":"Ikon av St George"},"content":{"rendered":"<p>Denna ikon f\u00f6rest\u00e4ller Saint George, den store martyren och er\u00f6vraren av ondskan, som \u00e4r k\u00e4nd f\u00f6r sitt mod och trohet mot Kristus. Saint George \u00e4r en symbol f\u00f6r seger, patriotism och or\u00e4ddhet. Ikonen \u00e4r l\u00e4mplig f\u00f6r m\u00e4nniskor som letar efter andlig styrka och st\u00f6d i sv\u00e5ra tider, s\u00e5v\u00e4l som f\u00f6r alla som vill efterlikna denna stora kristna k\u00e4mpe.<\/p>\n","protected":false},"excerpt":{"rendered":"<p>Denna ikon f\u00f6rest\u00e4ller Saint George, den store martyren och er\u00f6vraren av ondskan, som \u00e4r k\u00e4nd f\u00f6r sitt mod och trohet mot Kristus. Saint George \u00e4r en symbol f\u00f6r seger, patriotism och or\u00e4ddhet. Ikonen \u00e4r l\u00e4mplig f\u00f6r m\u00e4nniskor som letar efter andlig styrka och st\u00f6d i sv\u00e5ra tider, s\u00e5v\u00e4l som f\u00f6r alla som vill efterlikna denna [&hellip;]<\/p>\n","protected":false},"featured_media":9441,"template":"","meta":{"give_campaign_id":0},"product_brand":[],"product_cat":[522],"product_tag":[],"class_list":{"0":"post-6309","1":"product","2":"type-product","3":"status-publish","4":"has-post-thumbnail","6":"product_cat-silver-och-forgyllda-ikoner","8":"first","9":"instock","10":"purchasable","11":"product-type-simple"},"_links":{"self":[{"href":"https:\/\/orthodoxblessings.com\/sv\/wp-json\/wp\/v2\/product\/6309","targetHints":{"allow":["GET"]}}],"collection":[{"href":"https:\/\/orthodoxblessings.com\/sv\/wp-json\/wp\/v2\/product"}],"about":[{"href":"https:\/\/orthodoxblessings.com\/sv\/wp-json\/wp\/v2\/types\/product"}],"wp:featuredmedia":[{"embeddable":true,"href":"https:\/\/orthodoxblessings.com\/sv\/wp-json\/wp\/v2\/media\/9441"}],"wp:attachment":[{"href":"https:\/\/orthodoxblessings.com\/sv\/wp-json\/wp\/v2\/media?parent=6309"}],"wp:term":[{"taxonomy":"product_brand","embeddable":true,"href":"https:\/\/orthodoxblessings.com\/sv\/wp-json\/wp\/v2\/product_brand?post=6309"},{"taxonomy":"product_cat","embeddable":true,"href":"https:\/\/orthodoxblessings.com\/sv\/wp-json\/wp\/v2\/product_cat?post=6309"},{"taxonomy":"product_tag","embeddable":true,"href":"https:\/\/orthodoxblessings.com\/sv\/wp-json\/wp\/v2\/product_tag?post=6309"}],"curies":[{"name":"wp","href":"https:\/\/api.w.org\/{rel}","templated":true}]}}