{"id":6308,"date":"2025-05-26T11:00:52","date_gmt":"2025-05-26T11:00:52","guid":{"rendered":"https:\/\/orthodoxblessings.com\/shop\/ikon-av-st-nicholas-2\/"},"modified":"2025-05-26T11:00:52","modified_gmt":"2025-05-26T11:00:52","slug":"ikon-av-st-nicholas-2","status":"publish","type":"product","link":"https:\/\/orthodoxblessings.com\/sv\/shop\/ikon-av-st-nicholas-2\/","title":{"rendered":"Ikon av St Nicholas"},"content":{"rendered":"<p>Ikonen av Sankt Nikolaus f\u00f6rest\u00e4ller detta stora kristna helgon k\u00e4nt f\u00f6r sina mirakel och skydd av de fattiga och utsatta. Sankt Nikolaus \u00e4r ett av de mest v\u00f6rdade helgonen i den ortodoxa kyrkan. Denna ikon har en djup andlig betydelse och placeras ofta i hemmen som ett skydd mot problem och som en k\u00e4lla till andlig tr\u00f6st och v\u00e4lsignelser.  <\/p>\n","protected":false},"excerpt":{"rendered":"<p>Ikonen av Sankt Nikolaus f\u00f6rest\u00e4ller detta stora kristna helgon k\u00e4nt f\u00f6r sina mirakel och skydd av de fattiga och utsatta. Sankt Nikolaus \u00e4r ett av de mest v\u00f6rdade helgonen i den ortodoxa kyrkan. Denna ikon har en djup andlig betydelse och placeras ofta i hemmen som ett skydd mot problem och som en k\u00e4lla till [&hellip;]<\/p>\n","protected":false},"featured_media":3731,"template":"","meta":{"give_campaign_id":0},"product_brand":[],"product_cat":[522],"product_tag":[],"class_list":{"0":"post-6308","1":"product","2":"type-product","3":"status-publish","4":"has-post-thumbnail","6":"product_cat-silver-och-forgyllda-ikoner","8":"first","9":"instock","10":"purchasable","11":"product-type-simple"},"_links":{"self":[{"href":"https:\/\/orthodoxblessings.com\/sv\/wp-json\/wp\/v2\/product\/6308","targetHints":{"allow":["GET"]}}],"collection":[{"href":"https:\/\/orthodoxblessings.com\/sv\/wp-json\/wp\/v2\/product"}],"about":[{"href":"https:\/\/orthodoxblessings.com\/sv\/wp-json\/wp\/v2\/types\/product"}],"wp:featuredmedia":[{"embeddable":true,"href":"https:\/\/orthodoxblessings.com\/sv\/wp-json\/wp\/v2\/media\/3731"}],"wp:attachment":[{"href":"https:\/\/orthodoxblessings.com\/sv\/wp-json\/wp\/v2\/media?parent=6308"}],"wp:term":[{"taxonomy":"product_brand","embeddable":true,"href":"https:\/\/orthodoxblessings.com\/sv\/wp-json\/wp\/v2\/product_brand?post=6308"},{"taxonomy":"product_cat","embeddable":true,"href":"https:\/\/orthodoxblessings.com\/sv\/wp-json\/wp\/v2\/product_cat?post=6308"},{"taxonomy":"product_tag","embeddable":true,"href":"https:\/\/orthodoxblessings.com\/sv\/wp-json\/wp\/v2\/product_tag?post=6308"}],"curies":[{"name":"wp","href":"https:\/\/api.w.org\/{rel}","templated":true}]}}