{"id":6307,"date":"2025-05-26T11:00:52","date_gmt":"2025-05-26T11:00:52","guid":{"rendered":"https:\/\/orthodoxblessings.com\/shop\/st-nicholas-gyllene-ikon\/"},"modified":"2025-05-26T11:00:52","modified_gmt":"2025-05-26T11:00:52","slug":"st-nicholas-gyllene-ikon","status":"publish","type":"product","link":"https:\/\/orthodoxblessings.com\/sv\/shop\/st-nicholas-gyllene-ikon\/","title":{"rendered":"St Nicholas gyllene ikon"},"content":{"rendered":"<p>En ikon som representerar Sankt Nikolaus, k\u00e4nd f\u00f6r sina mirakul\u00f6sa bedrifter. Guldm\u00e5lningen ger den en magnifik look, perfekt som present eller i templet.<\/p>\n","protected":false},"excerpt":{"rendered":"<p>En ikon som representerar Sankt Nikolaus, k\u00e4nd f\u00f6r sina mirakul\u00f6sa bedrifter. Guldm\u00e5lningen ger den en magnifik look, perfekt som present eller i templet.<\/p>\n","protected":false},"featured_media":3730,"template":"","meta":{"give_campaign_id":0},"product_brand":[],"product_cat":[521],"product_tag":[],"class_list":{"0":"post-6307","1":"product","2":"type-product","3":"status-publish","4":"has-post-thumbnail","6":"product_cat-ikoner-i-glasramar","8":"first","9":"outofstock","10":"purchasable","11":"product-type-simple"},"_links":{"self":[{"href":"https:\/\/orthodoxblessings.com\/sv\/wp-json\/wp\/v2\/product\/6307","targetHints":{"allow":["GET"]}}],"collection":[{"href":"https:\/\/orthodoxblessings.com\/sv\/wp-json\/wp\/v2\/product"}],"about":[{"href":"https:\/\/orthodoxblessings.com\/sv\/wp-json\/wp\/v2\/types\/product"}],"wp:featuredmedia":[{"embeddable":true,"href":"https:\/\/orthodoxblessings.com\/sv\/wp-json\/wp\/v2\/media\/3730"}],"wp:attachment":[{"href":"https:\/\/orthodoxblessings.com\/sv\/wp-json\/wp\/v2\/media?parent=6307"}],"wp:term":[{"taxonomy":"product_brand","embeddable":true,"href":"https:\/\/orthodoxblessings.com\/sv\/wp-json\/wp\/v2\/product_brand?post=6307"},{"taxonomy":"product_cat","embeddable":true,"href":"https:\/\/orthodoxblessings.com\/sv\/wp-json\/wp\/v2\/product_cat?post=6307"},{"taxonomy":"product_tag","embeddable":true,"href":"https:\/\/orthodoxblessings.com\/sv\/wp-json\/wp\/v2\/product_tag?post=6307"}],"curies":[{"name":"wp","href":"https:\/\/api.w.org\/{rel}","templated":true}]}}